{"id":4311,"date":"2020-09-05T13:32:41","date_gmt":"2020-09-05T13:32:41","guid":{"rendered":"https:\/\/caperio.ai\/?page_id=4311"},"modified":"2021-04-19T01:15:28","modified_gmt":"2021-04-19T01:15:28","slug":"recursos","status":"publish","type":"page","link":"https:\/\/caperio.ai\/?page_id=4311&lang=pt-br","title":{"rendered":"Recursos"},"content":{"rendered":"\t\t<div data-elementor-type=\"wp-post\" data-elementor-id=\"4311\" class=\"elementor elementor-4311 elementor-731\" data-elementor-settings=\"[]\">\n\t\t\t\t\t\t<div class=\"elementor-inner\">\n\t\t\t\t\t\t\t<div class=\"elementor-section-wrap\">\n\t\t\t\t\t\t\t<section class=\"elementor-section elementor-top-section elementor-element elementor-element-e2fa09e elementor-section-boxed elementor-section-height-default elementor-section-height-default\" data-id=\"e2fa09e\" data-element_type=\"section\">\n\t\t\t\t\t\t<div class=\"elementor-container elementor-column-gap-default\">\n\t\t\t\t\t\t\t<div class=\"elementor-row\">\n\t\t\t\t\t<div class=\"elementor-column elementor-col-100 elementor-top-column elementor-element elementor-element-5fc9a4b\" data-id=\"5fc9a4b\" data-element_type=\"column\">\n\t\t\t<div class=\"elementor-column-wrap elementor-element-populated\">\n\t\t\t\t\t\t\t<div class=\"elementor-widget-wrap\">\n\t\t\t\t\t\t<div class=\"elementor-element elementor-element-71c31b9 elementor-widget elementor-widget-image\" data-id=\"71c31b9\" data-element_type=\"widget\" data-widget_type=\"image.default\">\n\t\t\t\t<div class=\"elementor-widget-container\">\n\t\t\t\t\t<div class=\"elementor-image\">\n\t\t\t\t\t\t\t\t\t\t\t<a href=\"https:\/\/caperio.ai\/?page_id=4221&#038;lang=pt-br\" target=\"_blank\">\n\t\t\t\t\t\t\t<img width=\"400\" height=\"267\" src=\"https:\/\/caperio.ai\/wp-content\/uploads\/2020\/08\/Blog.jpg\" class=\"attachment-medium_large size-medium_large\" alt=\"\" loading=\"lazy\" srcset=\"https:\/\/caperio.ai\/wp-content\/uploads\/2020\/08\/Blog.jpg 400w, https:\/\/caperio.ai\/wp-content\/uploads\/2020\/08\/Blog-300x200.jpg 300w\" sizes=\"(max-width: 400px) 100vw, 400px\" \/>\t\t\t\t\t\t\t\t<\/a>\n\t\t\t\t\t\t\t\t\t\t\t<\/div>\n\t\t\t\t<\/div>\n\t\t\t\t<\/div>\n\t\t\t\t\t\t<\/div>\n\t\t\t\t\t<\/div>\n\t\t<\/div>\n\t\t\t\t\t\t\t\t<\/div>\n\t\t\t\t\t<\/div>\n\t\t<\/section>\n\t\t\t\t<section class=\"elementor-section elementor-top-section elementor-element elementor-element-dbe93ed elementor-section-boxed elementor-section-height-default elementor-section-height-default\" data-id=\"dbe93ed\" data-element_type=\"section\">\n\t\t\t\t\t\t<div class=\"elementor-container elementor-column-gap-default\">\n\t\t\t\t\t\t\t<div class=\"elementor-row\">\n\t\t\t\t\t<div class=\"elementor-column elementor-col-100 elementor-top-column elementor-element elementor-element-b301ec5\" data-id=\"b301ec5\" data-element_type=\"column\">\n\t\t\t<div class=\"elementor-column-wrap elementor-element-populated\">\n\t\t\t\t\t\t\t<div class=\"elementor-widget-wrap\">\n\t\t\t\t\t\t<div class=\"elementor-element elementor-element-59938e6 elementor-widget elementor-widget-vt-saaspot_apps\" data-id=\"59938e6\" data-element_type=\"widget\" data-widget_type=\"vt-saaspot_apps.default\">\n\t\t\t\t<div class=\"elementor-widget-container\">\n\t\t\t\t\t<div class=\"saspot-apps-section\">\n\t    <div class=\"row\">\n\t\t\t\t\t\t\t\t<div class=\"col-xl-2 col-md-3\">\n\t\t      <div class=\"apps-categories\">\n\t\t        <h3 class=\"categories-title\">Video Walkthroughs<\/h3>\n\t\t        <div class=\"masonry-filters\">\n\t\t          <ul>\n\t\t            <li><a href=\"#section-apps\" data-filter=\"*\" class=\"active\"><i class=\"fa fa-angle-right\" aria-hidden=\"true\"><\/i> All<\/a><\/li>\n\t\t            <li><a href=\"#section-apps\" class=\"filter cat-analytics\" data-filter=\".cat-analytics\" title=\"Analytics\"><i class=\"fa fa-angle-right\" aria-hidden=\"true\"><\/i> Analytics<\/a><\/li><li><a href=\"#section-apps\" class=\"filter cat-interaction\" data-filter=\".cat-interaction\" title=\"Interaction\"><i class=\"fa fa-angle-right\" aria-hidden=\"true\"><\/i> Interaction<\/a><\/li><li><a href=\"#section-apps\" class=\"filter cat-platform\" data-filter=\".cat-platform\" title=\"Platform\"><i class=\"fa fa-angle-right\" aria-hidden=\"true\"><\/i> Platform<\/a><\/li><li><a href=\"#section-apps\" class=\"filter cat-revenue\" data-filter=\".cat-revenue\" title=\"Revenue\"><i class=\"fa fa-angle-right\" aria-hidden=\"true\"><\/i> Revenue<\/a><\/li><li><a href=\"#section-apps\" class=\"filter cat-workbench\" data-filter=\".cat-workbench\" title=\"Workbench\"><i class=\"fa fa-angle-right\" aria-hidden=\"true\"><\/i> Workbench<\/a><\/li>\t\t          <\/ul>\n\t\t        <\/div>\n\t\t      <\/div>\n\t\t    <\/div>\n\t\t\t\t\t\t\t\t<!-- Apps Start -->\n\t\t\t\t<div class=\"col-xl-10 col-md-9\">\n\t        <div class=\"apps-wrap\">\n\t          <div class=\"saspot-masonry\" id=\"section-apps\">\n\t    \t    \t\n\t\t\t\t\t\t\t<div class=\"masonry-item \" data-category=\"\">\n\t\t\t\t\t\t\t  <div class=\"app-item app-5124\">\n\t\t\t\t\t\t\t    <div class=\"saspot-image\">\n\t\t\t\t\t\t\t      <a href=\"https:\/\/caperio.ai\/?apps=csr-how-to-monitor-and-improve-your-individual-performance\"><img src=\"https:\/\/caperio.ai\/wp-content\/uploads\/2020\/09\/CSR-monitor-own-performance.jpg\" alt=\"CSR: How to monitor and improve your Individual Performance\"><\/a>\n\t\t\t\t\t\t\t      <div class=\"saspot-label\">\n\t\t\t\t\t\t\t        \t\t\t\t\t\t\t      <\/div>\n\t\t\t\t\t\t\t    <\/div>\n\t\t\t\t\t\t\t    <div class=\"app-info\">\n\t\t\t\t\t\t\t      <h4 class=\"app-title\"><a href=\"https:\/\/caperio.ai\/?apps=csr-how-to-monitor-and-improve-your-individual-performance\">CSR: How to monitor and improve your Individual Performance<\/a><\/h4>\n\t\t\t\t\t\t\t      <p>Remote and OnSite Agents can self-monitor and see ways to improve their performance. Watch this video to learn how.<\/p>\n\t\t\t\t\t\t\t    <\/div>\n\t\t\t\t\t\t\t  <\/div>\n\t\t\t\t\t\t\t<\/div>\n    \t        \n\t\t\t\t\t\t\t<div class=\"masonry-item cat-analytics cat-revenue \" data-category=\"cat-analytics cat-revenue \">\n\t\t\t\t\t\t\t  <div class=\"app-item app-4084\">\n\t\t\t\t\t\t\t    <div class=\"saspot-image\">\n\t\t\t\t\t\t\t      <a href=\"https:\/\/caperio.ai\/?apps=caperio-libraries-performance-dashboard\"><img src=\"https:\/\/caperio.ai\/wp-content\/uploads\/2020\/08\/Performance-Dashboard.jpg\" alt=\"Caperio Libraries Performance Dashboard\"><\/a>\n\t\t\t\t\t\t\t      <div class=\"saspot-label\">\n\t\t\t\t\t\t\t        <span><a href=\"https:\/\/caperio.ai\/?apps_category=analytics\">Analytics<\/a><\/span> <span><a href=\"https:\/\/caperio.ai\/?apps_category=revenue\">Revenue<\/a><\/span> \t\t\t\t\t\t\t      <\/div>\n\t\t\t\t\t\t\t    <\/div>\n\t\t\t\t\t\t\t    <div class=\"app-info\">\n\t\t\t\t\t\t\t      <h4 class=\"app-title\"><a href=\"https:\/\/caperio.ai\/?apps=caperio-libraries-performance-dashboard\">Caperio Libraries Performance Dashboard<\/a><\/h4>\n\t\t\t\t\t\t\t      <p>Get an overview of our performance Libraries dashboard in this quick video walkthrough<\/p>\n\t\t\t\t\t\t\t    <\/div>\n\t\t\t\t\t\t\t  <\/div>\n\t\t\t\t\t\t\t<\/div>\n    \t        \n\t\t\t\t\t\t\t<div class=\"masonry-item cat-analytics cat-revenue \" data-category=\"cat-analytics cat-revenue \">\n\t\t\t\t\t\t\t  <div class=\"app-item app-4076\">\n\t\t\t\t\t\t\t    <div class=\"saspot-image\">\n\t\t\t\t\t\t\t      <a href=\"https:\/\/caperio.ai\/?apps=caperio-libraries-performance-trends\"><img src=\"https:\/\/caperio.ai\/wp-content\/uploads\/2020\/08\/Caperio-Business-Trends.jpg\" alt=\"Caperio Libraries Performance Trends\"><\/a>\n\t\t\t\t\t\t\t      <div class=\"saspot-label\">\n\t\t\t\t\t\t\t        <span><a href=\"https:\/\/caperio.ai\/?apps_category=analytics\">Analytics<\/a><\/span> <span><a href=\"https:\/\/caperio.ai\/?apps_category=revenue\">Revenue<\/a><\/span> \t\t\t\t\t\t\t      <\/div>\n\t\t\t\t\t\t\t    <\/div>\n\t\t\t\t\t\t\t    <div class=\"app-info\">\n\t\t\t\t\t\t\t      <h4 class=\"app-title\"><a href=\"https:\/\/caperio.ai\/?apps=caperio-libraries-performance-trends\">Caperio Libraries Performance Trends<\/a><\/h4>\n\t\t\t\t\t\t\t      <p>See the power of Business Scenario Libraries for identifying potential trends<\/p>\n\t\t\t\t\t\t\t    <\/div>\n\t\t\t\t\t\t\t  <\/div>\n\t\t\t\t\t\t\t<\/div>\n    \t        \n\t\t\t\t\t\t\t<div class=\"masonry-item cat-revenue \" data-category=\"cat-revenue \">\n\t\t\t\t\t\t\t  <div class=\"app-item app-3967\">\n\t\t\t\t\t\t\t    <div class=\"saspot-image\">\n\t\t\t\t\t\t\t      <a href=\"https:\/\/caperio.ai\/?apps=monitor-team-performance\"><img src=\"https:\/\/caperio.ai\/wp-content\/uploads\/2020\/08\/Monitor-Performance.png\" alt=\"Monitor Team Performance\"><\/a>\n\t\t\t\t\t\t\t      <div class=\"saspot-label\">\n\t\t\t\t\t\t\t        <span><a href=\"https:\/\/caperio.ai\/?apps_category=revenue\">Revenue<\/a><\/span> \t\t\t\t\t\t\t      <\/div>\n\t\t\t\t\t\t\t    <\/div>\n\t\t\t\t\t\t\t    <div class=\"app-info\">\n\t\t\t\t\t\t\t      <h4 class=\"app-title\"><a href=\"https:\/\/caperio.ai\/?apps=monitor-team-performance\">Monitor Team Performance<\/a><\/h4>\n\t\t\t\t\t\t\t      <p>Drive Best Practices &#038; Raise Agent Results Across The Team With Caperio AI<\/p>\n\t\t\t\t\t\t\t    <\/div>\n\t\t\t\t\t\t\t  <\/div>\n\t\t\t\t\t\t\t<\/div>\n    \t        \n\t\t\t\t\t\t\t<div class=\"masonry-item cat-platform \" data-category=\"cat-platform \">\n\t\t\t\t\t\t\t  <div class=\"app-item app-3961\">\n\t\t\t\t\t\t\t    <div class=\"saspot-image\">\n\t\t\t\t\t\t\t      <a href=\"https:\/\/caperio.ai\/?apps=contact-level-authentication\"><img src=\"https:\/\/caperio.ai\/wp-content\/uploads\/2019\/02\/Caperio-Performance-Platform-Contact-Level-Analysis-Authentication.png\" alt=\"Contact Level Authentication\"><\/a>\n\t\t\t\t\t\t\t      <div class=\"saspot-label\">\n\t\t\t\t\t\t\t        <span><a href=\"https:\/\/caperio.ai\/?apps_category=platform\">Platform<\/a><\/span> \t\t\t\t\t\t\t      <\/div>\n\t\t\t\t\t\t\t    <\/div>\n\t\t\t\t\t\t\t    <div class=\"app-info\">\n\t\t\t\t\t\t\t      <h4 class=\"app-title\"><a href=\"https:\/\/caperio.ai\/?apps=contact-level-authentication\">Contact Level Authentication<\/a><\/h4>\n\t\t\t\t\t\t\t      <p>See the granular-level security in the platform for agents and managers<\/p>\n\t\t\t\t\t\t\t    <\/div>\n\t\t\t\t\t\t\t  <\/div>\n\t\t\t\t\t\t\t<\/div>\n    \t        \n\t\t\t\t\t\t\t<div class=\"masonry-item cat-workbench \" data-category=\"cat-workbench \">\n\t\t\t\t\t\t\t  <div class=\"app-item app-576\">\n\t\t\t\t\t\t\t    <div class=\"saspot-image\">\n\t\t\t\t\t\t\t      <a href=\"https:\/\/caperio.ai\/?apps=workbench\"><img src=\"https:\/\/caperio.ai\/wp-content\/uploads\/2019\/02\/Caperio-Workbench-Two-words-near-each-other.png\" alt=\"Two Words Near Each Other\"><\/a>\n\t\t\t\t\t\t\t      <div class=\"saspot-label\">\n\t\t\t\t\t\t\t        <span><a href=\"https:\/\/caperio.ai\/?apps_category=workbench\">Workbench<\/a><\/span> \t\t\t\t\t\t\t      <\/div>\n\t\t\t\t\t\t\t    <\/div>\n\t\t\t\t\t\t\t    <div class=\"app-info\">\n\t\t\t\t\t\t\t      <h4 class=\"app-title\"><a href=\"https:\/\/caperio.ai\/?apps=workbench\">Two Words Near Each Other<\/a><\/h4>\n\t\t\t\t\t\t\t      <p>\t\t\t\t\t\t\t\tSee how Caperio discerns words across different situations\t\t\t<\/p>\n\t\t\t\t\t\t\t    <\/div>\n\t\t\t\t\t\t\t  <\/div>\n\t\t\t\t\t\t\t<\/div>\n    \t        \n\t\t\t\t\t\t\t<div class=\"masonry-item cat-workbench \" data-category=\"cat-workbench \">\n\t\t\t\t\t\t\t  <div class=\"app-item app-574\">\n\t\t\t\t\t\t\t    <div class=\"saspot-image\">\n\t\t\t\t\t\t\t      <a href=\"https:\/\/caperio.ai\/?apps=negative-lookbehind\"><img src=\"https:\/\/caperio.ai\/wp-content\/uploads\/2019\/02\/Caperio-Workbench-Negative-Lookbehind.png\" alt=\"Negative Lookbehind\"><\/a>\n\t\t\t\t\t\t\t      <div class=\"saspot-label\">\n\t\t\t\t\t\t\t        <span><a href=\"https:\/\/caperio.ai\/?apps_category=workbench\">Workbench<\/a><\/span> \t\t\t\t\t\t\t      <\/div>\n\t\t\t\t\t\t\t    <\/div>\n\t\t\t\t\t\t\t    <div class=\"app-info\">\n\t\t\t\t\t\t\t      <h4 class=\"app-title\"><a href=\"https:\/\/caperio.ai\/?apps=negative-lookbehind\">Negative Lookbehind<\/a><\/h4>\n\t\t\t\t\t\t\t      <p>Instantly discover issues and challenges to increase performance\t\t\t<\/p>\n\t\t\t\t\t\t\t    <\/div>\n\t\t\t\t\t\t\t  <\/div>\n\t\t\t\t\t\t\t<\/div>\n    \t        \n\t\t\t\t\t\t\t<div class=\"masonry-item cat-interaction \" data-category=\"cat-interaction \">\n\t\t\t\t\t\t\t  <div class=\"app-item app-572\">\n\t\t\t\t\t\t\t    <div class=\"saspot-image\">\n\t\t\t\t\t\t\t      <a href=\"https:\/\/caperio.ai\/?apps=speedo\"><img src=\"https:\/\/caperio.ai\/wp-content\/uploads\/2019\/02\/Caperio-Performance-Platform-Conversation-Explorer.png\" alt=\"Conversation Explorer\"><\/a>\n\t\t\t\t\t\t\t      <div class=\"saspot-label\">\n\t\t\t\t\t\t\t        <span><a href=\"https:\/\/caperio.ai\/?apps_category=interaction\">Interaction<\/a><\/span> \t\t\t\t\t\t\t      <\/div>\n\t\t\t\t\t\t\t    <\/div>\n\t\t\t\t\t\t\t    <div class=\"app-info\">\n\t\t\t\t\t\t\t      <h4 class=\"app-title\"><a href=\"https:\/\/caperio.ai\/?apps=speedo\">Conversation Explorer<\/a><\/h4>\n\t\t\t\t\t\t\t      <p>See 100% of words and phrases across every interaction of speech and text\t\t\t<\/p>\n\t\t\t\t\t\t\t    <\/div>\n\t\t\t\t\t\t\t  <\/div>\n\t\t\t\t\t\t\t<\/div>\n    \t        \n\t\t\t\t\t\t\t<div class=\"masonry-item cat-platform \" data-category=\"cat-platform \">\n\t\t\t\t\t\t\t  <div class=\"app-item app-570\">\n\t\t\t\t\t\t\t    <div class=\"saspot-image\">\n\t\t\t\t\t\t\t      <a href=\"https:\/\/caperio.ai\/?apps=platform\"><img src=\"https:\/\/caperio.ai\/wp-content\/uploads\/2019\/02\/Caperio-Performance-Platform-Key-Indicator-Overview.png\" alt=\"Key Indicator Overview\"><\/a>\n\t\t\t\t\t\t\t      <div class=\"saspot-label\">\n\t\t\t\t\t\t\t        <span><a href=\"https:\/\/caperio.ai\/?apps_category=platform\">Platform<\/a><\/span> \t\t\t\t\t\t\t      <\/div>\n\t\t\t\t\t\t\t    <\/div>\n\t\t\t\t\t\t\t    <div class=\"app-info\">\n\t\t\t\t\t\t\t      <h4 class=\"app-title\"><a href=\"https:\/\/caperio.ai\/?apps=platform\">Key Indicator Overview<\/a><\/h4>\n\t\t\t\t\t\t\t      <p>Unlock Insights in this Walkthrough of Key Early Indicators<\/p>\n\t\t\t\t\t\t\t    <\/div>\n\t\t\t\t\t\t\t  <\/div>\n\t\t\t\t\t\t\t<\/div>\n    \t        \n\t\t\t\t\t\t\t<div class=\"masonry-item cat-analytics \" data-category=\"cat-analytics \">\n\t\t\t\t\t\t\t  <div class=\"app-item app-568\">\n\t\t\t\t\t\t\t    <div class=\"saspot-image\">\n\t\t\t\t\t\t\t      <a href=\"https:\/\/caperio.ai\/?apps=scorecards-heat-maps\"><img src=\"https:\/\/caperio.ai\/wp-content\/uploads\/2019\/02\/Caperio-Performance-Scorecards-Heat-Maps.png\" alt=\"Scorecards-Heat Maps\"><\/a>\n\t\t\t\t\t\t\t      <div class=\"saspot-label\">\n\t\t\t\t\t\t\t        <span><a href=\"https:\/\/caperio.ai\/?apps_category=analytics\">Analytics<\/a><\/span> \t\t\t\t\t\t\t      <\/div>\n\t\t\t\t\t\t\t    <\/div>\n\t\t\t\t\t\t\t    <div class=\"app-info\">\n\t\t\t\t\t\t\t      <h4 class=\"app-title\"><a href=\"https:\/\/caperio.ai\/?apps=scorecards-heat-maps\">Scorecards-Heat Maps<\/a><\/h4>\n\t\t\t\t\t\t\t      <p>Explore Agent Performance and Identify Issues &#038; Opportunities using our AI-Driven Heat Map\t\t\t<\/p>\n\t\t\t\t\t\t\t    <\/div>\n\t\t\t\t\t\t\t  <\/div>\n\t\t\t\t\t\t\t<\/div>\n    \t        \n\t\t\t\t\t\t\t<div class=\"masonry-item cat-workbench \" data-category=\"cat-workbench \">\n\t\t\t\t\t\t\t  <div class=\"app-item app-566\">\n\t\t\t\t\t\t\t    <div class=\"saspot-image\">\n\t\t\t\t\t\t\t      <a href=\"https:\/\/caperio.ai\/?apps=multiple-word-options\"><img src=\"https:\/\/caperio.ai\/wp-content\/uploads\/2019\/02\/Caperio-Workbench-Multiple-Word-Options.png\" alt=\"Multiple Word Options\"><\/a>\n\t\t\t\t\t\t\t      <div class=\"saspot-label\">\n\t\t\t\t\t\t\t        <span><a href=\"https:\/\/caperio.ai\/?apps_category=workbench\">Workbench<\/a><\/span> \t\t\t\t\t\t\t      <\/div>\n\t\t\t\t\t\t\t    <\/div>\n\t\t\t\t\t\t\t    <div class=\"app-info\">\n\t\t\t\t\t\t\t      <h4 class=\"app-title\"><a href=\"https:\/\/caperio.ai\/?apps=multiple-word-options\">Multiple Word Options<\/a><\/h4>\n\t\t\t\t\t\t\t      <p>Change expressions and phrases instantly without writing code\t\t\t<\/p>\n\t\t\t\t\t\t\t    <\/div>\n\t\t\t\t\t\t\t  <\/div>\n\t\t\t\t\t\t\t<\/div>\n    \t        \n\t\t\t\t\t\t\t<div class=\"masonry-item cat-revenue \" data-category=\"cat-revenue \">\n\t\t\t\t\t\t\t  <div class=\"app-item app-508\">\n\t\t\t\t\t\t\t    <div class=\"saspot-image\">\n\t\t\t\t\t\t\t      <a href=\"https:\/\/caperio.ai\/?apps=promise-amounts\"><img src=\"https:\/\/caperio.ai\/wp-content\/uploads\/2019\/02\/Caperio-Key-Phrases-Promise-Amounts.png\" alt=\"Promise Amounts\"><\/a>\n\t\t\t\t\t\t\t      <div class=\"saspot-label\">\n\t\t\t\t\t\t\t        <span><a href=\"https:\/\/caperio.ai\/?apps_category=revenue\">Revenue<\/a><\/span> \t\t\t\t\t\t\t      <\/div>\n\t\t\t\t\t\t\t    <\/div>\n\t\t\t\t\t\t\t    <div class=\"app-info\">\n\t\t\t\t\t\t\t      <h4 class=\"app-title\"><a href=\"https:\/\/caperio.ai\/?apps=promise-amounts\">Promise Amounts<\/a><\/h4>\n\t\t\t\t\t\t\t      <p>See how Caperio reveals key phrases to rapidly increase Promise To Pay Amounts.\t\t\t<\/p>\n\t\t\t\t\t\t\t    <\/div>\n\t\t\t\t\t\t\t  <\/div>\n\t\t\t\t\t\t\t<\/div>\n    \t        \t          <\/div>\n\t        <\/div>\n\t\t    <\/div>\n\t\t\t\t\t      <div class=\"pagination-wrap\">\n\t\t    \t      <div class=\"saspot-pagination\">\n              <\/div>\n    \t\t  \t<\/div>\n\t            <\/div>\n\t\t<\/div>\n\t\t<!-- Apps End -->\n\n\t\t\t\t<\/div>\n\t\t\t\t<\/div>\n\t\t\t\t\t\t<\/div>\n\t\t\t\t\t<\/div>\n\t\t<\/div>\n\t\t\t\t\t\t\t\t<\/div>\n\t\t\t\t\t<\/div>\n\t\t<\/section>\n\t\t\t\t<section class=\"elementor-section elementor-top-section elementor-element elementor-element-9394bce elementor-section-stretched elementor-section-boxed elementor-section-height-default elementor-section-height-default\" data-id=\"9394bce\" data-element_type=\"section\" data-settings=\"{&quot;stretch_section&quot;:&quot;section-stretched&quot;,&quot;background_background&quot;:&quot;classic&quot;}\">\n\t\t\t\t\t\t<div class=\"elementor-container elementor-column-gap-default\">\n\t\t\t\t\t\t\t<div class=\"elementor-row\">\n\t\t\t\t\t<div class=\"elementor-column elementor-col-100 elementor-top-column elementor-element elementor-element-de7a5a3\" data-id=\"de7a5a3\" data-element_type=\"column\">\n\t\t\t<div class=\"elementor-column-wrap elementor-element-populated\">\n\t\t\t\t\t\t\t<div class=\"elementor-widget-wrap\">\n\t\t\t\t\t\t<div class=\"elementor-element elementor-element-de6b692 elementor-widget elementor-widget-vt-saaspot_callout\" data-id=\"de6b692\" data-element_type=\"widget\" data-settings=\"{&quot;btn_icon&quot;:&quot;fa fa-angle-right&quot;,&quot;btn_two_icon&quot;:&quot;fa fa-angle-right&quot;}\" data-widget_type=\"vt-saaspot_callout.default\">\n\t\t\t\t<div class=\"elementor-widget-container\">\n\t\t\t<div class=\"callout-wrap\">\n\t\t\t          <div class=\"section-title-wrap\">\n\t\t\t\t          <h2 class=\"section-title\">Solicite Acesso a Caperio<\/h2><p>A melhor maneira de entender como entregamos  resultados r\u00e1pidos de  crescimento exponencial e\n\ndesempenho \u00e9 tentar por si mesmo!<\/p>\n\t\t\t\t          <div class=\"saspot-btn-wrap\"><a href=\"https:\/\/caperio.ai\/?page_id=5535&lang=pt-br\" class=\"btn-one saspot-btn saspot-light-blue-btn right\">OBTER ACESSO GRATUITO <i class=\"fa fa-angle-right\" aria-hidden=\"true\"><\/i><\/a><\/div>\n\t\t\t          <\/div>\n\t\t\t        <\/div>\t\t<\/div>\n\t\t\t\t<\/div>\n\t\t\t\t\t\t<\/div>\n\t\t\t\t\t<\/div>\n\t\t<\/div>\n\t\t\t\t\t\t\t\t<\/div>\n\t\t\t\t\t<\/div>\n\t\t<\/section>\n\t\t\t\t\t\t<\/div>\n\t\t\t\t\t\t<\/div>\n\t\t\t\t\t<\/div>\n\t\t","protected":false},"excerpt":{"rendered":"Video Walkthroughs All Analytics Interaction Platform Revenue Workbench CSR: Como monitorear e melhorar o seu propio desempenho. com Caperio. Agentes no centro de contacto e agentes remotos podem monitorear su propio desempenho e identificar oportunidades de melhora. Assista este video e aprenda como com Caperio. Platform An\u00e1lise ao n\u00edvel do Contato- Autentica\u00e7\u00e3o do Cliente Veja&#8230;","protected":false},"author":2,"featured_media":0,"parent":0,"menu_order":0,"comment_status":"closed","ping_status":"closed","template":"","meta":[],"tags":[],"amp_validity":null,"amp_enabled":true,"_links":{"self":[{"href":"https:\/\/caperio.ai\/index.php?rest_route=\/wp\/v2\/pages\/4311"}],"collection":[{"href":"https:\/\/caperio.ai\/index.php?rest_route=\/wp\/v2\/pages"}],"about":[{"href":"https:\/\/caperio.ai\/index.php?rest_route=\/wp\/v2\/types\/page"}],"author":[{"embeddable":true,"href":"https:\/\/caperio.ai\/index.php?rest_route=\/wp\/v2\/users\/2"}],"replies":[{"embeddable":true,"href":"https:\/\/caperio.ai\/index.php?rest_route=%2Fwp%2Fv2%2Fcomments&post=4311"}],"version-history":[{"count":12,"href":"https:\/\/caperio.ai\/index.php?rest_route=\/wp\/v2\/pages\/4311\/revisions"}],"predecessor-version":[{"id":6051,"href":"https:\/\/caperio.ai\/index.php?rest_route=\/wp\/v2\/pages\/4311\/revisions\/6051"}],"wp:attachment":[{"href":"https:\/\/caperio.ai\/index.php?rest_route=%2Fwp%2Fv2%2Fmedia&parent=4311"}],"wp:term":[{"taxonomy":"post_tag","embeddable":true,"href":"https:\/\/caperio.ai\/index.php?rest_route=%2Fwp%2Fv2%2Ftags&post=4311"}],"curies":[{"name":"wp","href":"https:\/\/api.w.org\/{rel}","templated":true}]}}