{"id":4336,"date":"2020-09-05T13:35:04","date_gmt":"2020-09-05T13:35:04","guid":{"rendered":"https:\/\/caperio.ai\/?page_id=4336"},"modified":"2021-04-19T00:51:30","modified_gmt":"2021-04-19T00:51:30","slug":"valores","status":"publish","type":"page","link":"https:\/\/caperio.ai\/?page_id=4336&lang=pt-br","title":{"rendered":"Valores"},"content":{"rendered":"\t\t<div data-elementor-type=\"wp-post\" data-elementor-id=\"4336\" class=\"elementor elementor-4336 elementor-1016\" data-elementor-settings=\"[]\">\n\t\t\t\t\t\t<div class=\"elementor-inner\">\n\t\t\t\t\t\t\t<div class=\"elementor-section-wrap\">\n\t\t\t\t\t\t\t<section class=\"elementor-section elementor-top-section elementor-element elementor-element-5c8059a4 elementor-section-boxed elementor-section-height-default elementor-section-height-default\" data-id=\"5c8059a4\" data-element_type=\"section\">\n\t\t\t\t\t\t<div class=\"elementor-container elementor-column-gap-default\">\n\t\t\t\t\t\t\t<div class=\"elementor-row\">\n\t\t\t\t\t<div class=\"elementor-column elementor-col-100 elementor-top-column elementor-element elementor-element-2543d51c\" data-id=\"2543d51c\" data-element_type=\"column\">\n\t\t\t<div class=\"elementor-column-wrap elementor-element-populated\">\n\t\t\t\t\t\t\t<div class=\"elementor-widget-wrap\">\n\t\t\t\t\t\t<div class=\"elementor-element elementor-element-79ae9e22 elementor-widget elementor-widget-vt-saaspot_section_title\" data-id=\"79ae9e22\" data-element_type=\"widget\" data-widget_type=\"vt-saaspot_section_title.default\">\n\t\t\t\t<div class=\"elementor-widget-container\">\n\t\t\t<div class=\"section-title-wrap\"><h2 class=\"section-title\">Nossa miss\u00e3o<\/h2><p>Somos respons\u00e1veis \u200b\u200bpelo sucesso cont\u00ednuo de nossos clientes no uso de nosso software e solu\u00e7\u00f5es para transformar suas organiza\u00e7\u00f5es. <\/br> Lideraremos com ideias e car\u00e1ter \u00e0 medida que conquistamos sua confian\u00e7a.<\/p><\/div>\t\t<\/div>\n\t\t\t\t<\/div>\n\t\t\t\t\t\t<\/div>\n\t\t\t\t\t<\/div>\n\t\t<\/div>\n\t\t\t\t\t\t\t\t<\/div>\n\t\t\t\t\t<\/div>\n\t\t<\/section>\n\t\t\t\t<section class=\"elementor-section elementor-top-section elementor-element elementor-element-60cd918 elementor-section-boxed elementor-section-height-default elementor-section-height-default\" data-id=\"60cd918\" data-element_type=\"section\">\n\t\t\t\t\t\t<div class=\"elementor-container elementor-column-gap-default\">\n\t\t\t\t\t\t\t<div class=\"elementor-row\">\n\t\t\t\t\t<div class=\"elementor-column elementor-col-50 elementor-top-column elementor-element elementor-element-7fd9e4bd\" data-id=\"7fd9e4bd\" data-element_type=\"column\">\n\t\t\t<div class=\"elementor-column-wrap elementor-element-populated\">\n\t\t\t\t\t\t\t<div class=\"elementor-widget-wrap\">\n\t\t\t\t\t\t<div class=\"elementor-element elementor-element-72e471a5 elementor-widget elementor-widget-vt-saaspot_corporate\" data-id=\"72e471a5\" data-element_type=\"widget\" data-settings=\"{&quot;corporate_icon&quot;:&quot;icon-ecommerce-money&quot;}\" data-widget_type=\"vt-saaspot_corporate.default\">\n\t\t\t\t<div class=\"elementor-widget-container\">\n\t\t\t<div class=\"corporate-item\"><div class=\"saspot-icon\"><i class=\"icon-ecommerce-money\" aria-hidden=\"true\"><\/i><\/div><div class=\"corporate-info\"><h3 class=\"corporate-title\"><a href=\"https:\/\/caperio.ai\/?page_id=4294&lang=pt-br\" target=\"_blank\" >Impulsione o crescimento significativo e sustentado do lucro<\/a><\/h3><p>Nossa plataforma foi projetada para gerar impacto na receita e crescimento cont\u00ednuo. Tornamos os resultados monet\u00e1rios s\u00f3lidos a base do nosso trabalho.<\/p><\/div><\/div>\t\t<\/div>\n\t\t\t\t<\/div>\n\t\t\t\t<div class=\"elementor-element elementor-element-6cdbf44e elementor-widget elementor-widget-vt-saaspot_corporate\" data-id=\"6cdbf44e\" data-element_type=\"widget\" data-settings=\"{&quot;corporate_icon&quot;:&quot;icon-basic-lightbulb&quot;}\" data-widget_type=\"vt-saaspot_corporate.default\">\n\t\t\t\t<div class=\"elementor-widget-container\">\n\t\t\t<div class=\"corporate-item\"><div class=\"saspot-icon\"><i class=\"icon-basic-lightbulb\" aria-hidden=\"true\"><\/i><\/div><div class=\"corporate-info\"><h3 class=\"corporate-title\"><a href=\"https:\/\/s3-sa-east-1.amazonaws.com\/royludwig.me\/CognitiveAI+for+Growth+and+Shareholder+Value.pdf\" target=\"_blank\" >Lidere com ideias, inova\u00e7\u00e3o e excel\u00eancia<\/a><\/h3><p>Nosso roteiro e abordagem oferecem uma vantagem competitiva consistente para nossos clientes e parceiros.<\/p><\/div><\/div>\t\t<\/div>\n\t\t\t\t<\/div>\n\t\t\t\t\t\t<\/div>\n\t\t\t\t\t<\/div>\n\t\t<\/div>\n\t\t\t\t<div class=\"elementor-column elementor-col-50 elementor-top-column elementor-element elementor-element-3b3689db\" data-id=\"3b3689db\" data-element_type=\"column\">\n\t\t\t<div class=\"elementor-column-wrap elementor-element-populated\">\n\t\t\t\t\t\t\t<div class=\"elementor-widget-wrap\">\n\t\t\t\t\t\t<div class=\"elementor-element elementor-element-56c8a729 elementor-widget elementor-widget-vt-saaspot_corporate\" data-id=\"56c8a729\" data-element_type=\"widget\" data-settings=\"{&quot;corporate_icon&quot;:&quot;fa fa-bar-chart&quot;}\" data-widget_type=\"vt-saaspot_corporate.default\">\n\t\t\t\t<div class=\"elementor-widget-container\">\n\t\t\t<div class=\"corporate-item\"><div class=\"saspot-icon\"><i class=\"fa fa-bar-chart\" aria-hidden=\"true\"><\/i><\/div><div class=\"corporate-info\"><h3 class=\"corporate-title\"><a href=\"https:\/\/s3-sa-east-1.amazonaws.com\/royludwig.me\/Caperio+Platform+Capabilities.pdf\" target=\"_blank\" >Transforme o di\u00e1logo em vari\u00e1veis \u200b\u200be contexto acion\u00e1veis<\/a><\/h3><p>Atrav\u00e9s da aplica\u00e7\u00e3o de Intelig\u00eancia Artificial e vis\u00e3o humana trabalhando juntos em intera\u00e7\u00f5es.<\/p><\/div><\/div>\t\t<\/div>\n\t\t\t\t<\/div>\n\t\t\t\t<div class=\"elementor-element elementor-element-555522e8 elementor-widget elementor-widget-vt-saaspot_corporate\" data-id=\"555522e8\" data-element_type=\"widget\" data-settings=\"{&quot;corporate_icon&quot;:&quot;icon-ecommerce-diamond&quot;}\" data-widget_type=\"vt-saaspot_corporate.default\">\n\t\t\t\t<div class=\"elementor-widget-container\">\n\t\t\t<div class=\"corporate-item\"><div class=\"saspot-icon\"><i class=\"icon-ecommerce-diamond\" aria-hidden=\"true\"><\/i><\/div><div class=\"corporate-info\"><h3 class=\"corporate-title\"><a href=\"https:\/\/caperio.ai\/?page_id=4344&lang=pt-br\" target=\"_blank\" >Fa\u00e7a uma diferen\u00e7a real nas vidas e nas comunidades<\/a><\/h3><p>Doamos 10% de nossos lucros a organiza\u00e7\u00f5es de caridade para afetar mudan\u00e7as de longo prazo.\n<\/p><\/div><\/div>\t\t<\/div>\n\t\t\t\t<\/div>\n\t\t\t\t\t\t<\/div>\n\t\t\t\t\t<\/div>\n\t\t<\/div>\n\t\t\t\t\t\t\t\t<\/div>\n\t\t\t\t\t<\/div>\n\t\t<\/section>\n\t\t\t\t<section class=\"elementor-section elementor-top-section elementor-element elementor-element-772443ef elementor-section-stretched elementor-section-full_width elementor-section-height-default elementor-section-height-default\" data-id=\"772443ef\" data-element_type=\"section\" data-settings=\"{&quot;stretch_section&quot;:&quot;section-stretched&quot;}\">\n\t\t\t\t\t\t<div class=\"elementor-container elementor-column-gap-default\">\n\t\t\t\t\t\t\t<div class=\"elementor-row\">\n\t\t\t\t\t<div class=\"elementor-column elementor-col-100 elementor-top-column elementor-element elementor-element-5646ba36\" data-id=\"5646ba36\" data-element_type=\"column\">\n\t\t\t<div class=\"elementor-column-wrap elementor-element-populated\">\n\t\t\t\t\t\t\t<div class=\"elementor-widget-wrap\">\n\t\t\t\t\t\t<div class=\"elementor-element elementor-element-603da50e elementor-widget elementor-widget-vt-saaspot_video\" data-id=\"603da50e\" data-element_type=\"widget\" data-widget_type=\"vt-saaspot_video.default\">\n\t\t\t\t<div class=\"elementor-widget-container\">\n\t\t\t<div class=\"saspot-video saspot-parallax\" style=\"background-image: url(https:\/\/caperio.ai\/wp-content\/uploads\/2020\/07\/staff-meeting.jpg);\">\n\t\t\t\t\t\t\t\t  <div class=\"saspot-table-wrap\">\n\t\t\t\t\t\t\t\t    <div class=\"saspot-align-wrap\">\n\t\t\t\t\t\t\t\t      <div class=\"container\">\n\t\t\t\t\t\t\t\t        \n\t\t\t\t\t\t\t\t      <\/div>\n\t\t\t\t\t\t\t\t    <\/div>\n\t\t\t\t\t\t\t\t  <\/div>\n\t\t\t\t\t\t\t\t<\/div>\t\t<\/div>\n\t\t\t\t<\/div>\n\t\t\t\t\t\t<\/div>\n\t\t\t\t\t<\/div>\n\t\t<\/div>\n\t\t\t\t\t\t\t\t<\/div>\n\t\t\t\t\t<\/div>\n\t\t<\/section>\n\t\t\t\t<section class=\"elementor-section elementor-top-section elementor-element elementor-element-f240b7e elementor-section-boxed elementor-section-height-default elementor-section-height-default\" data-id=\"f240b7e\" data-element_type=\"section\">\n\t\t\t\t\t\t<div class=\"elementor-container elementor-column-gap-default\">\n\t\t\t\t\t\t\t<div class=\"elementor-row\">\n\t\t\t\t\t<div class=\"elementor-column elementor-col-100 elementor-top-column elementor-element elementor-element-983b103\" data-id=\"983b103\" data-element_type=\"column\">\n\t\t\t<div class=\"elementor-column-wrap elementor-element-populated\">\n\t\t\t\t\t\t\t<div class=\"elementor-widget-wrap\">\n\t\t\t\t\t\t<div class=\"elementor-element elementor-element-c9f0374 elementor-widget elementor-widget-vt-saaspot_section_title\" data-id=\"c9f0374\" data-element_type=\"widget\" data-widget_type=\"vt-saaspot_section_title.default\">\n\t\t\t\t<div class=\"elementor-widget-container\">\n\t\t\t<div class=\"section-title-wrap\"><h2 class=\"section-title\">Conhe\u00e7a Santa Marcelina<\/h2><p>A Santa Marcelina est\u00e1 presente em 8 pa\u00edses desde 1912, dedicando-se \u00e0 educa\u00e7\u00e3o, sa\u00fade e assist\u00eancia social. Sua miss\u00e3o \u00e9 educar, treinar, curar e construir. Transformar a sociedade tendo como base o Evangelho, sempre atualizado e adaptado aos novos tempos.<\/p><\/div>\t\t<\/div>\n\t\t\t\t<\/div>\n\t\t\t\t\t\t<\/div>\n\t\t\t\t\t<\/div>\n\t\t<\/div>\n\t\t\t\t\t\t\t\t<\/div>\n\t\t\t\t\t<\/div>\n\t\t<\/section>\n\t\t\t\t<section class=\"elementor-section elementor-top-section elementor-element elementor-element-4d9cd957 elementor-section-boxed elementor-section-height-default elementor-section-height-default\" data-id=\"4d9cd957\" data-element_type=\"section\">\n\t\t\t\t\t\t<div class=\"elementor-container elementor-column-gap-default\">\n\t\t\t\t\t\t\t<div class=\"elementor-row\">\n\t\t\t\t\t<div class=\"elementor-column elementor-col-100 elementor-top-column elementor-element elementor-element-65771933\" data-id=\"65771933\" data-element_type=\"column\">\n\t\t\t<div class=\"elementor-column-wrap elementor-element-populated\">\n\t\t\t\t\t\t\t<div class=\"elementor-widget-wrap\">\n\t\t\t\t\t\t<div class=\"elementor-element elementor-element-602b434d elementor-widget elementor-widget-vt-saaspot_identifying\" data-id=\"602b434d\" data-element_type=\"widget\" data-settings=\"{&quot;identifying_image&quot;:{&quot;url&quot;:&quot;http:\\\/\\\/bnss.biz\\\/wp-content\\\/uploads\\\/2020\\\/07\\\/thAssistencia.png&quot;,&quot;id&quot;:3295},&quot;identifying_btn_icon&quot;:&quot;fa fa-angle-right&quot;}\" data-widget_type=\"vt-saaspot_identifying.default\">\n\t\t\t\t<div class=\"elementor-widget-container\">\n\t\t\t<div class=\"identify-item\">\n\t\t\t          <div class=\"row\">\n\t\t\t            <div class=\"col-lg-6\">\n\t\t\t              <div class=\"saspot-image saspot-item\"><img src=\"https:\/\/caperio.ai\/wp-content\/uploads\/2020\/07\/thAssistencia.png\" alt=\"\"><\/div>\n\t\t\t            <\/div>\n\t\t\t            <div class=\"col-lg-6\">\n\t\t\t              <div class=\"identify-info saspot-item\">\n\t\t\t                <div class=\"saspot-table-wrap\">\n\t\t\t                  <div class=\"saspot-align-wrap\">\n\t\t\t                    <h2 class=\"identify-title\">Assist\u00eancia Social<\/h2><p>Acolhimento e respeito a cada pessoa com foco na prote\u00e7\u00e3o da fam\u00edlia, inf\u00e2ncia, adolesc\u00eancia e velhice, apoiando crian\u00e7as e adolescentes em situa\u00e7\u00e3o de risco e vulnerabilidade social, bem como promovendo a inser\u00e7\u00e3o no mercado de trabalho.<\/p><div class=\"saspot-link-wrap\"><a href=\"https:\/\/santamarcelina.org.br\/assistencia_social\/\" target=\"_blank\"  class=\"saspot-link\">SAIBA MAIS <i class=\"fa fa-angle-right\" aria-hidden=\"true\"><\/i><\/a><\/div>\n\t\t\t                  <\/div>\n\t\t\t                <\/div>\n\t\t\t              <\/div>\n\t\t\t            <\/div>\n\t\t\t          <\/div>\n\t\t\t        <\/div>\t\t<\/div>\n\t\t\t\t<\/div>\n\t\t\t\t<div class=\"elementor-element elementor-element-3f4099b8 elementor-widget elementor-widget-vt-saaspot_identifying\" data-id=\"3f4099b8\" data-element_type=\"widget\" data-settings=\"{&quot;identifying_image&quot;:{&quot;url&quot;:&quot;http:\\\/\\\/bnss.biz\\\/wp-content\\\/uploads\\\/2020\\\/07\\\/thEducacao.png&quot;,&quot;id&quot;:3296},&quot;identifying_btn_icon&quot;:&quot;fa fa-angle-right&quot;}\" data-widget_type=\"vt-saaspot_identifying.default\">\n\t\t\t\t<div class=\"elementor-widget-container\">\n\t\t\t<div class=\"identify-item\">\n\t\t\t          <div class=\"row\">\n\t\t\t            <div class=\"col-lg-6 order-lg-2\">\n\t\t\t              <div class=\"saspot-image saspot-item\"><img src=\"https:\/\/caperio.ai\/wp-content\/uploads\/2020\/07\/thEducacao.png\" alt=\"\"><\/div>\n\t\t\t            <\/div>\n\t\t\t            <div class=\"col-lg-6 order-lg-1\">\n\t\t\t              <div class=\"identify-info saspot-item\">\n\t\t\t                <div class=\"saspot-table-wrap\">\n\t\t\t                  <div class=\"saspot-align-wrap\">\n\t\t\t                    <h2 class=\"identify-title\">Educa\u00e7\u00e3o<\/h2><p>A Santa Marcelina construiu uma verdadeira Rede de Educa\u00e7\u00e3o, formada por faculdades, escolas e obras sociais presentes em 9 estados, atendendo a mais de 17 mil alunos, da Educa\u00e7\u00e3o Infantil ao Ensino Superior.<\/p><div class=\"saspot-link-wrap\"><a href=\"https:\/\/santamarcelina.org.br\/educacao\/\" target=\"_blank\"  class=\"saspot-link\">SAIBA MAIS <i class=\"fa fa-angle-right\" aria-hidden=\"true\"><\/i><\/a><\/div>\n\t\t\t                  <\/div>\n\t\t\t                <\/div>\n\t\t\t              <\/div>\n\t\t\t            <\/div>\n\t\t\t          <\/div>\n\t\t\t        <\/div>\t\t<\/div>\n\t\t\t\t<\/div>\n\t\t\t\t<div class=\"elementor-element elementor-element-314808d3 elementor-widget elementor-widget-vt-saaspot_identifying\" data-id=\"314808d3\" data-element_type=\"widget\" data-settings=\"{&quot;identifying_image&quot;:{&quot;url&quot;:&quot;http:\\\/\\\/bnss.biz\\\/wp-content\\\/uploads\\\/2020\\\/07\\\/thCultura.png&quot;,&quot;id&quot;:3302},&quot;identifying_btn_icon&quot;:&quot;fa fa-angle-right&quot;}\" data-widget_type=\"vt-saaspot_identifying.default\">\n\t\t\t\t<div class=\"elementor-widget-container\">\n\t\t\t<div class=\"identify-item\">\n\t\t\t          <div class=\"row\">\n\t\t\t            <div class=\"col-lg-6\">\n\t\t\t              <div class=\"saspot-image saspot-item\"><img src=\"https:\/\/caperio.ai\/wp-content\/uploads\/2020\/07\/thCultura.png\" alt=\"\"><\/div>\n\t\t\t            <\/div>\n\t\t\t            <div class=\"col-lg-6\">\n\t\t\t              <div class=\"identify-info saspot-item\">\n\t\t\t                <div class=\"saspot-table-wrap\">\n\t\t\t                  <div class=\"saspot-align-wrap\">\n\t\t\t                    <h2 class=\"identify-title\">Cultura e Valores<\/h2><p>Criada em 2008, a Organiza\u00e7\u00e3o Social Santa Marcelina Cultura \u00e9 respons\u00e1vel pela gest\u00e3o de programas e projetos que n\u00e3o s\u00f3 ensinam of\u00edcios e profiss\u00f5es, mas tamb\u00e9m transmitem valores \u00e0 fam\u00edlia e \u00e0 sociedade.<\/p><div class=\"saspot-link-wrap\"><a href=\"http:\/\/www.santamarcelinacultura.org.br\/en\/home-2\/\" target=\"_blank\"  class=\"saspot-link\">SAIBA MAIS <i class=\"fa fa-angle-right\" aria-hidden=\"true\"><\/i><\/a><\/div>\n\t\t\t                  <\/div>\n\t\t\t                <\/div>\n\t\t\t              <\/div>\n\t\t\t            <\/div>\n\t\t\t          <\/div>\n\t\t\t        <\/div>\t\t<\/div>\n\t\t\t\t<\/div>\n\t\t\t\t\t\t<\/div>\n\t\t\t\t\t<\/div>\n\t\t<\/div>\n\t\t\t\t\t\t\t\t<\/div>\n\t\t\t\t\t<\/div>\n\t\t<\/section>\n\t\t\t\t<section class=\"elementor-section elementor-top-section elementor-element elementor-element-6f3f489 elementor-section-boxed elementor-section-height-default elementor-section-height-default\" data-id=\"6f3f489\" data-element_type=\"section\">\n\t\t\t\t\t\t<div class=\"elementor-container elementor-column-gap-default\">\n\t\t\t\t\t\t\t<div class=\"elementor-row\">\n\t\t\t\t\t<div class=\"elementor-column elementor-col-100 elementor-top-column elementor-element elementor-element-57d2597\" data-id=\"57d2597\" data-element_type=\"column\">\n\t\t\t<div class=\"elementor-column-wrap elementor-element-populated\">\n\t\t\t\t\t\t\t<div class=\"elementor-widget-wrap\">\n\t\t\t\t\t\t<div class=\"elementor-element elementor-element-0434ea7 elementor-widget elementor-widget-vt-saaspot_section_title\" data-id=\"0434ea7\" data-element_type=\"widget\" data-widget_type=\"vt-saaspot_section_title.default\">\n\t\t\t\t<div class=\"elementor-widget-container\">\n\t\t\t<div class=\"section-title-wrap\"><h2 class=\"section-title\">Interessado em fazer parte de nossa equipe?<\/h2><\/div>\t\t<\/div>\n\t\t\t\t<\/div>\n\t\t\t\t<div class=\"elementor-element elementor-element-2fcbaae elementor-widget elementor-widget-vt-saaspot_button\" data-id=\"2fcbaae\" data-element_type=\"widget\" data-settings=\"{&quot;btn_icon&quot;:&quot;fa fa-angle-right&quot;}\" data-widget_type=\"vt-saaspot_button.default\">\n\t\t\t\t<div class=\"elementor-widget-container\">\n\t\t\t<div class=\"saaspot-btn-wrap\"><a href=\"https:\/\/bossanovadata.com\/work-with-us\/\" target=\"_blank\"  class=\"saspot-btn saspot-light-blue-btn\">PROCURAR VAGAS <i class=\"fa fa-angle-right\" aria-hidden=\"true\"><\/i><\/a><\/div>\t\t<\/div>\n\t\t\t\t<\/div>\n\t\t\t\t\t\t<\/div>\n\t\t\t\t\t<\/div>\n\t\t<\/div>\n\t\t\t\t\t\t\t\t<\/div>\n\t\t\t\t\t<\/div>\n\t\t<\/section>\n\t\t\t\t\t\t<\/div>\n\t\t\t\t\t\t<\/div>\n\t\t\t\t\t<\/div>\n\t\t","protected":false},"excerpt":{"rendered":"Nossa miss\u00e3o Somos respons\u00e1veis \u200b\u200bpelo sucesso cont\u00ednuo de nossos clientes no uso de nosso software e solu\u00e7\u00f5es para transformar suas organiza\u00e7\u00f5es. Lideraremos com ideias e car\u00e1ter \u00e0 medida que conquistamos sua confian\u00e7a. Impulsione o crescimento significativo e sustentado do lucro Nossa plataforma foi projetada para gerar impacto na receita e crescimento cont\u00ednuo. Tornamos os resultados&#8230;","protected":false},"author":2,"featured_media":0,"parent":0,"menu_order":0,"comment_status":"closed","ping_status":"closed","template":"","meta":[],"tags":[],"amp_validity":null,"amp_enabled":true,"_links":{"self":[{"href":"https:\/\/caperio.ai\/index.php?rest_route=\/wp\/v2\/pages\/4336"}],"collection":[{"href":"https:\/\/caperio.ai\/index.php?rest_route=\/wp\/v2\/pages"}],"about":[{"href":"https:\/\/caperio.ai\/index.php?rest_route=\/wp\/v2\/types\/page"}],"author":[{"embeddable":true,"href":"https:\/\/caperio.ai\/index.php?rest_route=\/wp\/v2\/users\/2"}],"replies":[{"embeddable":true,"href":"https:\/\/caperio.ai\/index.php?rest_route=%2Fwp%2Fv2%2Fcomments&post=4336"}],"version-history":[{"count":28,"href":"https:\/\/caperio.ai\/index.php?rest_route=\/wp\/v2\/pages\/4336\/revisions"}],"predecessor-version":[{"id":5979,"href":"https:\/\/caperio.ai\/index.php?rest_route=\/wp\/v2\/pages\/4336\/revisions\/5979"}],"wp:attachment":[{"href":"https:\/\/caperio.ai\/index.php?rest_route=%2Fwp%2Fv2%2Fmedia&parent=4336"}],"wp:term":[{"taxonomy":"post_tag","embeddable":true,"href":"https:\/\/caperio.ai\/index.php?rest_route=%2Fwp%2Fv2%2Ftags&post=4336"}],"curies":[{"name":"wp","href":"https:\/\/api.w.org\/{rel}","templated":true}]}}