{"id":4344,"date":"2020-09-05T13:39:25","date_gmt":"2020-09-05T13:39:25","guid":{"rendered":"https:\/\/caperio.ai\/?page_id=4344"},"modified":"2021-04-19T01:19:17","modified_gmt":"2021-04-19T01:19:17","slug":"sobre-nos","status":"publish","type":"page","link":"https:\/\/caperio.ai\/?page_id=4344&lang=pt-br","title":{"rendered":"Sobre n\u00f3s"},"content":{"rendered":"\t\t<div data-elementor-type=\"wp-post\" data-elementor-id=\"4344\" class=\"elementor elementor-4344 elementor-1727\" data-elementor-settings=\"[]\">\n\t\t\t\t\t\t<div class=\"elementor-inner\">\n\t\t\t\t\t\t\t<div class=\"elementor-section-wrap\">\n\t\t\t\t\t\t\t<section class=\"elementor-section elementor-top-section elementor-element elementor-element-57a6aef elementor-section-stretched elementor-section-full_width elementor-section-height-default elementor-section-height-default\" data-id=\"57a6aef\" data-element_type=\"section\" data-settings=\"{&quot;stretch_section&quot;:&quot;section-stretched&quot;}\">\n\t\t\t\t\t\t<div class=\"elementor-container elementor-column-gap-default\">\n\t\t\t\t\t\t\t<div class=\"elementor-row\">\n\t\t\t\t\t<div class=\"elementor-column elementor-col-100 elementor-top-column elementor-element elementor-element-1517979\" data-id=\"1517979\" data-element_type=\"column\">\n\t\t\t<div class=\"elementor-column-wrap elementor-element-populated\">\n\t\t\t\t\t\t\t<div class=\"elementor-widget-wrap\">\n\t\t\t\t\t\t<div class=\"elementor-element elementor-element-369cfce elementor-widget elementor-widget-vt-saaspot_stick_menu\" data-id=\"369cfce\" data-element_type=\"widget\" data-widget_type=\"vt-saaspot_stick_menu.default\">\n\t\t\t\t<div class=\"elementor-widget-container\">\n\t\t\t<div class=\"saspot-menu saspot-sticky\"><ul><li><a href=\"#ShortHistory\"  >Nossa hist\u00f3ria<\/a><\/li><li><a href=\"#GlobalBranches\"  >Escrit\u00f3rios<\/a><\/li><li><a href=\"#OurTeam\"  >Nosso time<\/a><\/li><li><a href=\"#JoinUs\"  >Junte-se a n\u00f3s<\/a><\/li><\/ul><\/div>\t\t<\/div>\n\t\t\t\t<\/div>\n\t\t\t\t\t\t<\/div>\n\t\t\t\t\t<\/div>\n\t\t<\/div>\n\t\t\t\t\t\t\t\t<\/div>\n\t\t\t\t\t<\/div>\n\t\t<\/section>\n\t\t\t\t<section class=\"elementor-section elementor-top-section elementor-element elementor-element-3eed97d elementor-section-boxed elementor-section-height-default elementor-section-height-default\" data-id=\"3eed97d\" data-element_type=\"section\" id=\"ShortHistory\">\n\t\t\t\t\t\t<div class=\"elementor-container elementor-column-gap-default\">\n\t\t\t\t\t\t\t<div class=\"elementor-row\">\n\t\t\t\t\t<div class=\"elementor-column elementor-col-100 elementor-top-column elementor-element elementor-element-91fe681\" data-id=\"91fe681\" data-element_type=\"column\">\n\t\t\t<div class=\"elementor-column-wrap elementor-element-populated\">\n\t\t\t\t\t\t\t<div class=\"elementor-widget-wrap\">\n\t\t\t\t\t\t<div class=\"elementor-element elementor-element-1a448a7 elementor-widget elementor-widget-vt-saaspot_image\" data-id=\"1a448a7\" data-element_type=\"widget\" data-settings=\"{&quot;image_align&quot;:&quot;center&quot;}\" data-widget_type=\"vt-saaspot_image.default\">\n\t\t\t\t<div class=\"elementor-widget-container\">\n\t\t\t<div class=\"saspot-image wow fadeInUp\" data-wow-duration=\"1s\" data-wow-delay=\"1s\"><img src=\"https:\/\/caperio.ai\/wp-content\/uploads\/2019\/01\/icon5@1x.png\" alt=\"\"><\/div>\t\t<\/div>\n\t\t\t\t<\/div>\n\t\t\t\t<div class=\"elementor-element elementor-element-f35edbe elementor-widget elementor-widget-vt-saaspot_section_title\" data-id=\"f35edbe\" data-element_type=\"widget\" data-widget_type=\"vt-saaspot_section_title.default\">\n\t\t\t\t<div class=\"elementor-widget-container\">\n\t\t\t<div class=\"section-title-wrap\"><h2 class=\"section-title\">Nossa Hist\u00f3ria<\/h2><\/div>\t\t<\/div>\n\t\t\t\t<\/div>\n\t\t\t\t<section class=\"elementor-section elementor-inner-section elementor-element elementor-element-cc812af elementor-section-boxed elementor-section-height-default elementor-section-height-default\" data-id=\"cc812af\" data-element_type=\"section\">\n\t\t\t\t\t\t<div class=\"elementor-container elementor-column-gap-default\">\n\t\t\t\t\t\t\t<div class=\"elementor-row\">\n\t\t\t\t\t<div class=\"elementor-column elementor-col-50 elementor-inner-column elementor-element elementor-element-468f31a\" data-id=\"468f31a\" data-element_type=\"column\">\n\t\t\t<div class=\"elementor-column-wrap elementor-element-populated\">\n\t\t\t\t\t\t\t<div class=\"elementor-widget-wrap\">\n\t\t\t\t\t\t<div class=\"elementor-element elementor-element-7ccc7c8 elementor-widget elementor-widget-text-editor\" data-id=\"7ccc7c8\" data-element_type=\"widget\" data-widget_type=\"text-editor.default\">\n\t\t\t\t<div class=\"elementor-widget-container\">\n\t\t\t\t\t<div class=\"elementor-text-editor elementor-clearfix\"><p>A Bossa Nova Data Solutions, LLC \u00e9 uma empresa l\u00edder em ci\u00eancia de dados fundada em Weston, Fl\u00f3rida, EUA, em 2006.<br \/>\nEm 2010, nossa localiza\u00e7\u00e3o em S\u00e3o Paulo, Brasil, foi adicionada.<br \/>\n<\/br><\/br><br \/>\nAtuamos na interse\u00e7\u00e3o de Intelig\u00eancia Artificial e Desempenho Excepcional de Pessoas, fornecendo solu\u00e7\u00f5es baseadas em dados que potencializam os recursos de intelig\u00eancia artificial, incluindo; Aprendizado de m\u00e1quina, modelagem preditiva, reconhecimento autom\u00e1tico de fala e processamento de linguagem natural. <\/br><\/br><br \/>\nNosso carro-chefe \u00e9 a Plataforma de Desempenho Caperio, utilizada pelos maiores bancos e empresas de servi\u00e7os financeiros.<br \/>\n<\/br><br \/>\nNossa plataforma baseada em nuvem e solu\u00e7\u00f5es de biblioteca s\u00e3o totalmente personaliz\u00e1veis, f\u00e1ceis de implementar e n\u00e3o requerem nenhum investimento inicial em hardware ou software.<\/p>\n<\/div>\n\t\t\t\t<\/div>\n\t\t\t\t<\/div>\n\t\t\t\t\t\t<\/div>\n\t\t\t\t\t<\/div>\n\t\t<\/div>\n\t\t\t\t<div class=\"elementor-column elementor-col-50 elementor-inner-column elementor-element elementor-element-7804dfe\" data-id=\"7804dfe\" data-element_type=\"column\">\n\t\t\t<div class=\"elementor-column-wrap elementor-element-populated\">\n\t\t\t\t\t\t\t<div class=\"elementor-widget-wrap\">\n\t\t\t\t\t\t<div class=\"elementor-element elementor-element-1a31848 elementor-widget elementor-widget-text-editor\" data-id=\"1a31848\" data-element_type=\"widget\" data-widget_type=\"text-editor.default\">\n\t\t\t\t<div class=\"elementor-widget-container\">\n\t\t\t\t\t<div class=\"elementor-text-editor elementor-clearfix\"><p>Foco da ind\u00fastria:<br \/>Servi\u00e7os financeiros, mercado de capitais, sa\u00fade, setor p\u00fablico, marketing, varejo, seguros, cadeia de suprimentos, energia e telecomunica\u00e7\u00f5es.<\/p>\n<p>Mais de 1 milh\u00e3o de contatos analisados \u200b\u200bmensalmente com opera\u00e7\u00f5es baseadas em nuvem para as maiores empresas globalmente usando an\u00e1lise preditiva de Big Data e ci\u00eancia do aprendizado de m\u00e1quina.<\/p>\n<ul>\n<li>Mais de 36 milh\u00f5es de pontua\u00e7\u00f5es de cr\u00e9dito geradas anualmente<\/li>\n<li>Os clientes incluem empresas Fortune 100 e BPO multinacional<\/li>\n<\/ul>\n<div>Desde o nosso in\u00edcio como empresa, temos o compromisso de contribuir com 10% dos lucros de nossos neg\u00f3cios para organiza\u00e7\u00f5es de caridade reconhecidas.<br \/>Consulte nosso objetivo para obter detalhes.<\/div>\n<div> <\/div>\n<\/div>\n\t\t\t\t<\/div>\n\t\t\t\t<\/div>\n\t\t\t\t\t\t<\/div>\n\t\t\t\t\t<\/div>\n\t\t<\/div>\n\t\t\t\t\t\t\t\t<\/div>\n\t\t\t\t\t<\/div>\n\t\t<\/section>\n\t\t\t\t\t\t<\/div>\n\t\t\t\t\t<\/div>\n\t\t<\/div>\n\t\t\t\t\t\t\t\t<\/div>\n\t\t\t\t\t<\/div>\n\t\t<\/section>\n\t\t\t\t<section class=\"elementor-section elementor-top-section elementor-element elementor-element-b9ab0ba elementor-section-stretched elementor-section-boxed elementor-section-height-default elementor-section-height-default\" data-id=\"b9ab0ba\" data-element_type=\"section\" id=\"GlobalBranches\" data-settings=\"{&quot;stretch_section&quot;:&quot;section-stretched&quot;,&quot;background_background&quot;:&quot;classic&quot;}\">\n\t\t\t\t\t\t<div class=\"elementor-container elementor-column-gap-default\">\n\t\t\t\t\t\t\t<div class=\"elementor-row\">\n\t\t\t\t\t<div class=\"elementor-column elementor-col-50 elementor-top-column elementor-element elementor-element-1c00022\" data-id=\"1c00022\" data-element_type=\"column\">\n\t\t\t<div class=\"elementor-column-wrap elementor-element-populated\">\n\t\t\t\t\t\t\t<div class=\"elementor-widget-wrap\">\n\t\t\t\t\t\t<div class=\"elementor-element elementor-element-3d0f899 elementor-widget elementor-widget-vt-saaspot_steps\" data-id=\"3d0f899\" data-element_type=\"widget\" data-settings=\"{&quot;steps_btn_icon&quot;:&quot;fa fa-angle-right&quot;}\" data-widget_type=\"vt-saaspot_steps.default\">\n\t\t\t\t<div class=\"elementor-widget-container\">\n\t\t\t<div class=\"step-info\"><h2 class=\"step-title\">Nossos Locais<\/h2><p>Continuamos atendendo empresas em uma base global, com escrit\u00f3rios na Am\u00e9rica do Norte e do Sul.<\/p><div class=\"saspot-link-wrap\"><a href=\"https:\/\/caperio.ai\/?page_id=5603&lang=pt-br\" target=\"_blank\"  class=\"saspot-link\">Contate-Nos <i class=\"fa fa-angle-right\" aria-hidden=\"true\"><\/i><\/a><\/div><\/div>\t\t<\/div>\n\t\t\t\t<\/div>\n\t\t\t\t\t\t<\/div>\n\t\t\t\t\t<\/div>\n\t\t<\/div>\n\t\t\t\t<div class=\"elementor-column elementor-col-50 elementor-top-column elementor-element elementor-element-ef1e76e\" data-id=\"ef1e76e\" data-element_type=\"column\">\n\t\t\t<div class=\"elementor-column-wrap elementor-element-populated\">\n\t\t\t\t\t\t\t<div class=\"elementor-widget-wrap\">\n\t\t\t\t\t\t<div class=\"elementor-element elementor-element-b3cbbfb elementor-widget elementor-widget-image\" data-id=\"b3cbbfb\" data-element_type=\"widget\" data-widget_type=\"image.default\">\n\t\t\t\t<div class=\"elementor-widget-container\">\n\t\t\t\t\t<div class=\"elementor-image\">\n\t\t\t\t\t\t\t\t\t\t<img width=\"1024\" height=\"621\" src=\"https:\/\/caperio.ai\/wp-content\/uploads\/2021\/04\/World-map-pin-atl-sp-1024x621.jpg\" class=\"attachment-large size-large\" alt=\"\" loading=\"lazy\" srcset=\"https:\/\/caperio.ai\/wp-content\/uploads\/2021\/04\/World-map-pin-atl-sp-1024x621.jpg 1024w, https:\/\/caperio.ai\/wp-content\/uploads\/2021\/04\/World-map-pin-atl-sp-300x182.jpg 300w, https:\/\/caperio.ai\/wp-content\/uploads\/2021\/04\/World-map-pin-atl-sp-768x466.jpg 768w, https:\/\/caperio.ai\/wp-content\/uploads\/2021\/04\/World-map-pin-atl-sp-1536x932.jpg 1536w, https:\/\/caperio.ai\/wp-content\/uploads\/2021\/04\/World-map-pin-atl-sp-2048x1243.jpg 2048w\" sizes=\"(max-width: 1024px) 100vw, 1024px\" \/>\t\t\t\t\t\t\t\t\t\t\t<\/div>\n\t\t\t\t<\/div>\n\t\t\t\t<\/div>\n\t\t\t\t\t\t<\/div>\n\t\t\t\t\t<\/div>\n\t\t<\/div>\n\t\t\t\t\t\t\t\t<\/div>\n\t\t\t\t\t<\/div>\n\t\t<\/section>\n\t\t\t\t<section class=\"elementor-section elementor-top-section elementor-element elementor-element-154d742 elementor-section-boxed elementor-section-height-default elementor-section-height-default\" data-id=\"154d742\" data-element_type=\"section\" id=\"OurTeam\">\n\t\t\t\t\t\t<div class=\"elementor-container elementor-column-gap-default\">\n\t\t\t\t\t\t\t<div class=\"elementor-row\">\n\t\t\t\t\t<div class=\"elementor-column elementor-col-100 elementor-top-column elementor-element elementor-element-fd9811d\" data-id=\"fd9811d\" data-element_type=\"column\">\n\t\t\t<div class=\"elementor-column-wrap elementor-element-populated\">\n\t\t\t\t\t\t\t<div class=\"elementor-widget-wrap\">\n\t\t\t\t\t\t<div class=\"elementor-element elementor-element-54cc478 elementor-widget elementor-widget-vt-saaspot_section_title\" data-id=\"54cc478\" data-element_type=\"widget\" data-widget_type=\"vt-saaspot_section_title.default\">\n\t\t\t\t<div class=\"elementor-widget-container\">\n\t\t\t<div class=\"section-title-wrap\"><h2 class=\"section-title\">Nossa Lideran\u00e7a<\/h2><\/div>\t\t<\/div>\n\t\t\t\t<\/div>\n\t\t\t\t<div class=\"elementor-element elementor-element-3e82852 elementor-widget elementor-widget-vt-saaspot_team\" data-id=\"3e82852\" data-element_type=\"widget\" data-widget_type=\"vt-saaspot_team.default\">\n\t\t\t\t<div class=\"elementor-widget-container\">\n\t\t\t\t\t<div class=\"saspot-team-mates\">\n    \t<div class=\"owl-carousel\"  data-loop=\"false\" data-items=\"3\" data-margin=\"30\" data-dots=\"false\" data-nav=\"false\" data-autoplay-timeout=\"5000\" data-autoplay=\"true\" data-mouse-drag=\"true\" data-items-tablet=\"2\" data-items-mobile-landscape=\"1\" data-items-mobile-portrait=\"1\">\n\t\t\t\t\t\t\t<div class=\"item\">\n\t\t      <div class=\"mate-item\">\n\t\t        \t\t        <div class=\"saspot-image\"><a href=\"https:\/\/caperio.ai\/?team=roy-ludwig\"><img src=\"https:\/\/caperio.ai\/wp-content\/uploads\/2019\/02\/roy_team_caperio_picture-270x370.jpg\" alt=\"Roy Ludwig\"><\/a><\/div>\n\t\t        \t\t        <div class=\"mate-info\">\n\t\t          <h5 class=\"mate-name\"><a href=\"https:\/\/caperio.ai\/?team=roy-ludwig\">Roy Ludwig<\/a><\/h5>\n\t\t          <p>Chief Technology Officer &amp; Co-Founder<\/p>\n\t\t        <\/div>\n\t\t      <\/div>\n\t\t    <\/div>\n\t\t\t\t\t\t\t\t<div class=\"item\">\n\t\t      <div class=\"mate-item\">\n\t\t        \t\t        <div class=\"saspot-image\"><a href=\"https:\/\/caperio.ai\/?team=alexandra-bidoli\"><img src=\"https:\/\/caperio.ai\/wp-content\/uploads\/2019\/02\/alexandra-bidoli-profile-scaled-270x370.jpg\" alt=\"Alexandra Bidoli\"><\/a><\/div>\n\t\t        \t\t        <div class=\"mate-info\">\n\t\t          <h5 class=\"mate-name\"><a href=\"https:\/\/caperio.ai\/?team=alexandra-bidoli\">Alexandra Bidoli<\/a><\/h5>\n\t\t          <p>Co-Founder &amp; Customer Success Director<\/p>\n\t\t        <\/div>\n\t\t      <\/div>\n\t\t    <\/div>\n\t\t\t\t\t\t\t\t<div class=\"item\">\n\t\t      <div class=\"mate-item\">\n\t\t        \t\t        <div class=\"saspot-image\"><a href=\"https:\/\/caperio.ai\/?team=jorge-lourencao\"><img src=\"https:\/\/caperio.ai\/wp-content\/uploads\/2020\/10\/3952246E-4DAC-4D49-AFF4-CAA964600F1B-2-270x370.jpg\" alt=\"Jorge Louren\u00e7\u00e3o\"><\/a><\/div>\n\t\t        \t\t        <div class=\"mate-info\">\n\t\t          <h5 class=\"mate-name\"><a href=\"https:\/\/caperio.ai\/?team=jorge-lourencao\">Jorge Louren\u00e7\u00e3o<\/a><\/h5>\n\t\t          <p>Chief Operations Officer &amp; Partner<\/p>\n\t\t        <\/div>\n\t\t      <\/div>\n\t\t    <\/div>\n\t\t\t\t\t\t  <\/div>\n\t\t<\/div> <!-- team End -->\n\t\t\t\t<\/div>\n\t\t\t\t<\/div>\n\t\t\t\t\t\t<\/div>\n\t\t\t\t\t<\/div>\n\t\t<\/div>\n\t\t\t\t\t\t\t\t<\/div>\n\t\t\t\t\t<\/div>\n\t\t<\/section>\n\t\t\t\t<section class=\"elementor-section elementor-top-section elementor-element elementor-element-d49e053 elementor-section-boxed elementor-section-height-default elementor-section-height-default\" data-id=\"d49e053\" data-element_type=\"section\" id=\"Counter\">\n\t\t\t\t\t\t<div class=\"elementor-container elementor-column-gap-default\">\n\t\t\t\t\t\t\t<div class=\"elementor-row\">\n\t\t\t\t\t<div class=\"elementor-column elementor-col-100 elementor-top-column elementor-element elementor-element-7920907\" data-id=\"7920907\" data-element_type=\"column\">\n\t\t\t<div class=\"elementor-column-wrap elementor-element-populated\">\n\t\t\t\t\t\t\t<div class=\"elementor-widget-wrap\">\n\t\t\t\t\t\t<div class=\"elementor-element elementor-element-81ccac5 elementor-widget elementor-widget-vt-saaspot_section_title\" data-id=\"81ccac5\" data-element_type=\"widget\" data-widget_type=\"vt-saaspot_section_title.default\">\n\t\t\t\t<div class=\"elementor-widget-container\">\n\t\t\t<div class=\"section-title-wrap\"><h2 class=\"section-title\">Mais de <span><span class=\"saspot-counter\">1,000,000<\/span>+ Intera\u00e7\u00f5es <\/br>Analizadas por m\u00eas<\/span><\/h2><p>As empresas est\u00e3o transformando a maneira como crescem e interagem com seus clientes todos os dias no Caperio.ai<\/p><\/div>\t\t<\/div>\n\t\t\t\t<\/div>\n\t\t\t\t<div class=\"elementor-element elementor-element-73b60d0 elementor-widget-divider--view-line elementor-widget elementor-widget-divider\" data-id=\"73b60d0\" data-element_type=\"widget\" data-widget_type=\"divider.default\">\n\t\t\t\t<div class=\"elementor-widget-container\">\n\t\t\t\t\t<div class=\"elementor-divider\">\n\t\t\t<span class=\"elementor-divider-separator\">\n\t\t\t\t\t\t<\/span>\n\t\t<\/div>\n\t\t\t\t<\/div>\n\t\t\t\t<\/div>\n\t\t\t\t\t\t<\/div>\n\t\t\t\t\t<\/div>\n\t\t<\/div>\n\t\t\t\t\t\t\t\t<\/div>\n\t\t\t\t\t<\/div>\n\t\t<\/section>\n\t\t\t\t<section class=\"elementor-section elementor-top-section elementor-element elementor-element-8489f28 elementor-section-boxed elementor-section-height-default elementor-section-height-default\" data-id=\"8489f28\" data-element_type=\"section\">\n\t\t\t\t\t\t<div class=\"elementor-container elementor-column-gap-default\">\n\t\t\t\t\t\t\t<div class=\"elementor-row\">\n\t\t\t\t\t<div class=\"elementor-column elementor-col-100 elementor-top-column elementor-element elementor-element-0097798\" data-id=\"0097798\" data-element_type=\"column\">\n\t\t\t<div class=\"elementor-column-wrap elementor-element-populated\">\n\t\t\t\t\t\t\t<div class=\"elementor-widget-wrap\">\n\t\t\t\t\t\t<div class=\"elementor-element elementor-element-1b9bed3 elementor-widget elementor-widget-menu-anchor\" data-id=\"1b9bed3\" data-element_type=\"widget\" data-widget_type=\"menu-anchor.default\">\n\t\t\t\t<div class=\"elementor-widget-container\">\n\t\t\t\t\t<div id=\"JoinUs\" class=\"elementor-menu-anchor\"><\/div>\n\t\t\t\t<\/div>\n\t\t\t\t<\/div>\n\t\t\t\t\t\t<\/div>\n\t\t\t\t\t<\/div>\n\t\t<\/div>\n\t\t\t\t\t\t\t\t<\/div>\n\t\t\t\t\t<\/div>\n\t\t<\/section>\n\t\t\t\t<section class=\"elementor-section elementor-top-section elementor-element elementor-element-0c6cd37 elementor-section-boxed elementor-section-height-default elementor-section-height-default\" data-id=\"0c6cd37\" data-element_type=\"section\">\n\t\t\t\t\t\t<div class=\"elementor-container elementor-column-gap-default\">\n\t\t\t\t\t\t\t<div class=\"elementor-row\">\n\t\t\t\t\t<div class=\"elementor-column elementor-col-100 elementor-top-column elementor-element elementor-element-6b15aa7\" data-id=\"6b15aa7\" data-element_type=\"column\">\n\t\t\t<div class=\"elementor-column-wrap elementor-element-populated\">\n\t\t\t\t\t\t\t<div class=\"elementor-widget-wrap\">\n\t\t\t\t\t\t<div class=\"elementor-element elementor-element-0895f6d elementor-widget elementor-widget-vt-saaspot_section_title\" data-id=\"0895f6d\" data-element_type=\"widget\" data-widget_type=\"vt-saaspot_section_title.default\">\n\t\t\t\t<div class=\"elementor-widget-container\">\n\t\t\t<div class=\"section-title-wrap\"><h2 class=\"section-title\">Interessado em fazer parte de nossa equipe?<\/h2><\/div>\t\t<\/div>\n\t\t\t\t<\/div>\n\t\t\t\t<div class=\"elementor-element elementor-element-fdb8173 elementor-widget elementor-widget-vt-saaspot_button\" data-id=\"fdb8173\" data-element_type=\"widget\" data-settings=\"{&quot;btn_icon&quot;:&quot;fa fa-angle-right&quot;}\" data-widget_type=\"vt-saaspot_button.default\">\n\t\t\t\t<div class=\"elementor-widget-container\">\n\t\t\t<div class=\"saaspot-btn-wrap\"><a href=\"https:\/\/bossanovadata.com\/work-with-us\/\" target=\"_blank\"  class=\"saspot-btn saspot-light-blue-btn\">PROCURAR VAGAS <i class=\"fa fa-angle-right\" aria-hidden=\"true\"><\/i><\/a><\/div>\t\t<\/div>\n\t\t\t\t<\/div>\n\t\t\t\t\t\t<\/div>\n\t\t\t\t\t<\/div>\n\t\t<\/div>\n\t\t\t\t\t\t\t\t<\/div>\n\t\t\t\t\t<\/div>\n\t\t<\/section>\n\t\t\t\t\t\t<\/div>\n\t\t\t\t\t\t<\/div>\n\t\t\t\t\t<\/div>\n\t\t","protected":false},"excerpt":{"rendered":"Nossa hist\u00f3ria Escrit\u00f3rios Nosso time Junte-se a n\u00f3s Nossa Hist\u00f3ria A Bossa Nova Data Solutions, LLC \u00e9 uma empresa l\u00edder em ci\u00eancia de dados fundada em Weston, Fl\u00f3rida, EUA, em 2006. Em 2010, nossa localiza\u00e7\u00e3o em S\u00e3o Paulo, Brasil, foi adicionada. Atuamos na interse\u00e7\u00e3o de Intelig\u00eancia Artificial e Desempenho Excepcional de Pessoas, fornecendo solu\u00e7\u00f5es baseadas&#8230;","protected":false},"author":2,"featured_media":0,"parent":0,"menu_order":0,"comment_status":"closed","ping_status":"closed","template":"","meta":[],"tags":[],"amp_validity":null,"amp_enabled":true,"_links":{"self":[{"href":"https:\/\/caperio.ai\/index.php?rest_route=\/wp\/v2\/pages\/4344"}],"collection":[{"href":"https:\/\/caperio.ai\/index.php?rest_route=\/wp\/v2\/pages"}],"about":[{"href":"https:\/\/caperio.ai\/index.php?rest_route=\/wp\/v2\/types\/page"}],"author":[{"embeddable":true,"href":"https:\/\/caperio.ai\/index.php?rest_route=\/wp\/v2\/users\/2"}],"replies":[{"embeddable":true,"href":"https:\/\/caperio.ai\/index.php?rest_route=%2Fwp%2Fv2%2Fcomments&post=4344"}],"version-history":[{"count":21,"href":"https:\/\/caperio.ai\/index.php?rest_route=\/wp\/v2\/pages\/4344\/revisions"}],"predecessor-version":[{"id":6061,"href":"https:\/\/caperio.ai\/index.php?rest_route=\/wp\/v2\/pages\/4344\/revisions\/6061"}],"wp:attachment":[{"href":"https:\/\/caperio.ai\/index.php?rest_route=%2Fwp%2Fv2%2Fmedia&parent=4344"}],"wp:term":[{"taxonomy":"post_tag","embeddable":true,"href":"https:\/\/caperio.ai\/index.php?rest_route=%2Fwp%2Fv2%2Ftags&post=4344"}],"curies":[{"name":"wp","href":"https:\/\/api.w.org\/{rel}","templated":true}]}}