{"id":4772,"date":"2020-09-22T15:44:50","date_gmt":"2020-09-22T15:44:50","guid":{"rendered":"https:\/\/caperio.ai\/?page_id=4772"},"modified":"2021-04-19T12:02:00","modified_gmt":"2021-04-19T12:02:00","slug":"nuestro-proposito","status":"publish","type":"page","link":"https:\/\/caperio.ai\/?page_id=4772&lang=es","title":{"rendered":"Nuestro Prop\u00f3sito"},"content":{"rendered":"\t\t<div data-elementor-type=\"wp-post\" data-elementor-id=\"4772\" class=\"elementor elementor-4772 elementor-1016\" data-elementor-settings=\"[]\">\n\t\t\t\t\t\t<div class=\"elementor-inner\">\n\t\t\t\t\t\t\t<div class=\"elementor-section-wrap\">\n\t\t\t\t\t\t\t<section class=\"elementor-section elementor-top-section elementor-element elementor-element-5c8059a4 elementor-section-boxed elementor-section-height-default elementor-section-height-default\" data-id=\"5c8059a4\" data-element_type=\"section\">\n\t\t\t\t\t\t<div class=\"elementor-container elementor-column-gap-default\">\n\t\t\t\t\t\t\t<div class=\"elementor-row\">\n\t\t\t\t\t<div class=\"elementor-column elementor-col-100 elementor-top-column elementor-element elementor-element-2543d51c\" data-id=\"2543d51c\" data-element_type=\"column\">\n\t\t\t<div class=\"elementor-column-wrap elementor-element-populated\">\n\t\t\t\t\t\t\t<div class=\"elementor-widget-wrap\">\n\t\t\t\t\t\t<div class=\"elementor-element elementor-element-79ae9e22 elementor-widget elementor-widget-vt-saaspot_section_title\" data-id=\"79ae9e22\" data-element_type=\"widget\" data-widget_type=\"vt-saaspot_section_title.default\">\n\t\t\t\t<div class=\"elementor-widget-container\">\n\t\t\t<div class=\"section-title-wrap\"><h2 class=\"section-title\">Nuestra Misi\u00f3n<\/h2><p>Somos responsables del \u00e9xito continuo de nuestros clientes en el uso de nuestro software y soluciones para transformar sus organizaciones. <\/br> Lideraremos con ideas y car\u00e1cter a medida que nos ganamos su confianza.<\/p><\/div>\t\t<\/div>\n\t\t\t\t<\/div>\n\t\t\t\t\t\t<\/div>\n\t\t\t\t\t<\/div>\n\t\t<\/div>\n\t\t\t\t\t\t\t\t<\/div>\n\t\t\t\t\t<\/div>\n\t\t<\/section>\n\t\t\t\t<section class=\"elementor-section elementor-top-section elementor-element elementor-element-60cd918 elementor-section-boxed elementor-section-height-default elementor-section-height-default\" data-id=\"60cd918\" data-element_type=\"section\">\n\t\t\t\t\t\t<div class=\"elementor-container elementor-column-gap-default\">\n\t\t\t\t\t\t\t<div class=\"elementor-row\">\n\t\t\t\t\t<div class=\"elementor-column elementor-col-50 elementor-top-column elementor-element elementor-element-7fd9e4bd\" data-id=\"7fd9e4bd\" data-element_type=\"column\">\n\t\t\t<div class=\"elementor-column-wrap elementor-element-populated\">\n\t\t\t\t\t\t\t<div class=\"elementor-widget-wrap\">\n\t\t\t\t\t\t<div class=\"elementor-element elementor-element-72e471a5 elementor-widget elementor-widget-vt-saaspot_corporate\" data-id=\"72e471a5\" data-element_type=\"widget\" data-settings=\"{&quot;corporate_icon&quot;:&quot;icon-ecommerce-money&quot;}\" data-widget_type=\"vt-saaspot_corporate.default\">\n\t\t\t\t<div class=\"elementor-widget-container\">\n\t\t\t<div class=\"corporate-item\"><div class=\"saspot-icon\"><i class=\"icon-ecommerce-money\" aria-hidden=\"true\"><\/i><\/div><div class=\"corporate-info\"><h3 class=\"corporate-title\"><a href=\"https:\/\/caperio.ai\/?page_id=4752&lang=es\" target=\"_blank\" >Impulse un Crecimiento de Beneficios Significativo y Sostenido<\/a><\/h3><p>Nuestra plataforma est\u00e1 dise\u00f1ada para generar impacto en los ingresos y crecimiento continuo. Hacemos que los resultados econ\u00f3micos sean la base de nuestro trabajo.<\/p><\/div><\/div>\t\t<\/div>\n\t\t\t\t<\/div>\n\t\t\t\t<div class=\"elementor-element elementor-element-6cdbf44e elementor-widget elementor-widget-vt-saaspot_corporate\" data-id=\"6cdbf44e\" data-element_type=\"widget\" data-settings=\"{&quot;corporate_icon&quot;:&quot;icon-basic-lightbulb&quot;}\" data-widget_type=\"vt-saaspot_corporate.default\">\n\t\t\t\t<div class=\"elementor-widget-container\">\n\t\t\t<div class=\"corporate-item\"><div class=\"saspot-icon\"><i class=\"icon-basic-lightbulb\" aria-hidden=\"true\"><\/i><\/div><div class=\"corporate-info\"><h3 class=\"corporate-title\"><a href=\"https:\/\/s3-sa-east-1.amazonaws.com\/royludwig.me\/CognitiveAI+for+Growth+and+Shareholder+Value.pdf\" target=\"_blank\" >Liderar con Ideas, Innovaci\u00f3n y Excelencia<\/a><\/h3><p>Nuestra hoja de ruta y nuestro enfoque ofrecen una ventaja competitiva constante a nuestros clientes y socios.<\/p><\/div><\/div>\t\t<\/div>\n\t\t\t\t<\/div>\n\t\t\t\t\t\t<\/div>\n\t\t\t\t\t<\/div>\n\t\t<\/div>\n\t\t\t\t<div class=\"elementor-column elementor-col-50 elementor-top-column elementor-element elementor-element-3b3689db\" data-id=\"3b3689db\" data-element_type=\"column\">\n\t\t\t<div class=\"elementor-column-wrap elementor-element-populated\">\n\t\t\t\t\t\t\t<div class=\"elementor-widget-wrap\">\n\t\t\t\t\t\t<div class=\"elementor-element elementor-element-56c8a729 elementor-widget elementor-widget-vt-saaspot_corporate\" data-id=\"56c8a729\" data-element_type=\"widget\" data-settings=\"{&quot;corporate_icon&quot;:&quot;fa fa-bar-chart&quot;}\" data-widget_type=\"vt-saaspot_corporate.default\">\n\t\t\t\t<div class=\"elementor-widget-container\">\n\t\t\t<div class=\"corporate-item\"><div class=\"saspot-icon\"><i class=\"fa fa-bar-chart\" aria-hidden=\"true\"><\/i><\/div><div class=\"corporate-info\"><h3 class=\"corporate-title\"><a href=\"https:\/\/s3-sa-east-1.amazonaws.com\/royludwig.me\/Caperio+Platform+Capabilities.pdf\" target=\"_blank\" >Transforma el Di\u00e1logo en Variables y Contexto Accionable<\/a><\/h3><p>Mediante la aplicaci\u00f3n de la inteligencia artificial y el conocimiento humano trabajando juntos a trav\u00e9s de interacciones.<\/p><\/div><\/div>\t\t<\/div>\n\t\t\t\t<\/div>\n\t\t\t\t<div class=\"elementor-element elementor-element-555522e8 elementor-widget elementor-widget-vt-saaspot_corporate\" data-id=\"555522e8\" data-element_type=\"widget\" data-settings=\"{&quot;corporate_icon&quot;:&quot;icon-ecommerce-diamond&quot;}\" data-widget_type=\"vt-saaspot_corporate.default\">\n\t\t\t\t<div class=\"elementor-widget-container\">\n\t\t\t<div class=\"corporate-item\"><div class=\"saspot-icon\"><i class=\"icon-ecommerce-diamond\" aria-hidden=\"true\"><\/i><\/div><div class=\"corporate-info\"><h3 class=\"corporate-title\"><a href=\"https:\/\/caperio.ai\/?page_id=4781&lang=es\" target=\"_blank\" >Marque una Diferencia Real en Vidas y Comunidades<\/a><\/h3><p>Donamos el 10% de nuestras ganancias a organizaciones ben\u00e9ficas para lograr cambios a largo plazo.\n<\/p><\/div><\/div>\t\t<\/div>\n\t\t\t\t<\/div>\n\t\t\t\t\t\t<\/div>\n\t\t\t\t\t<\/div>\n\t\t<\/div>\n\t\t\t\t\t\t\t\t<\/div>\n\t\t\t\t\t<\/div>\n\t\t<\/section>\n\t\t\t\t<section class=\"elementor-section elementor-top-section elementor-element elementor-element-772443ef elementor-section-stretched elementor-section-full_width elementor-section-height-default elementor-section-height-default\" data-id=\"772443ef\" data-element_type=\"section\" data-settings=\"{&quot;stretch_section&quot;:&quot;section-stretched&quot;}\">\n\t\t\t\t\t\t<div class=\"elementor-container elementor-column-gap-default\">\n\t\t\t\t\t\t\t<div class=\"elementor-row\">\n\t\t\t\t\t<div class=\"elementor-column elementor-col-100 elementor-top-column elementor-element elementor-element-5646ba36\" data-id=\"5646ba36\" data-element_type=\"column\">\n\t\t\t<div class=\"elementor-column-wrap elementor-element-populated\">\n\t\t\t\t\t\t\t<div class=\"elementor-widget-wrap\">\n\t\t\t\t\t\t<div class=\"elementor-element elementor-element-603da50e elementor-widget elementor-widget-vt-saaspot_video\" data-id=\"603da50e\" data-element_type=\"widget\" data-widget_type=\"vt-saaspot_video.default\">\n\t\t\t\t<div class=\"elementor-widget-container\">\n\t\t\t<div class=\"saspot-video saspot-parallax\" style=\"background-image: url(https:\/\/caperio.ai\/wp-content\/uploads\/2020\/07\/staff-meeting.jpg);\">\n\t\t\t\t\t\t\t\t  <div class=\"saspot-table-wrap\">\n\t\t\t\t\t\t\t\t    <div class=\"saspot-align-wrap\">\n\t\t\t\t\t\t\t\t      <div class=\"container\">\n\t\t\t\t\t\t\t\t        \n\t\t\t\t\t\t\t\t      <\/div>\n\t\t\t\t\t\t\t\t    <\/div>\n\t\t\t\t\t\t\t\t  <\/div>\n\t\t\t\t\t\t\t\t<\/div>\t\t<\/div>\n\t\t\t\t<\/div>\n\t\t\t\t\t\t<\/div>\n\t\t\t\t\t<\/div>\n\t\t<\/div>\n\t\t\t\t\t\t\t\t<\/div>\n\t\t\t\t\t<\/div>\n\t\t<\/section>\n\t\t\t\t<section class=\"elementor-section elementor-top-section elementor-element elementor-element-f240b7e elementor-section-boxed elementor-section-height-default elementor-section-height-default\" data-id=\"f240b7e\" data-element_type=\"section\">\n\t\t\t\t\t\t<div class=\"elementor-container elementor-column-gap-default\">\n\t\t\t\t\t\t\t<div class=\"elementor-row\">\n\t\t\t\t\t<div class=\"elementor-column elementor-col-100 elementor-top-column elementor-element elementor-element-983b103\" data-id=\"983b103\" data-element_type=\"column\">\n\t\t\t<div class=\"elementor-column-wrap elementor-element-populated\">\n\t\t\t\t\t\t\t<div class=\"elementor-widget-wrap\">\n\t\t\t\t\t\t<div class=\"elementor-element elementor-element-c9f0374 elementor-widget elementor-widget-vt-saaspot_section_title\" data-id=\"c9f0374\" data-element_type=\"widget\" data-widget_type=\"vt-saaspot_section_title.default\">\n\t\t\t\t<div class=\"elementor-widget-container\">\n\t\t\t<div class=\"section-title-wrap\"><h2 class=\"section-title\">Destacando Santa Marcelina<\/h2><p>Santa Marcelina est\u00e1 presente en 8 pa\u00edses desde 1912, dedicada a la educaci\u00f3n, la salud y la asistencia social. Su misi\u00f3n es educar, capacitar, sanar y construir. Transformar la sociedad con el Evangelio como base, siempre actualizada y adaptada a los nuevos tiempos.<\/p><\/div>\t\t<\/div>\n\t\t\t\t<\/div>\n\t\t\t\t\t\t<\/div>\n\t\t\t\t\t<\/div>\n\t\t<\/div>\n\t\t\t\t\t\t\t\t<\/div>\n\t\t\t\t\t<\/div>\n\t\t<\/section>\n\t\t\t\t<section class=\"elementor-section elementor-top-section elementor-element elementor-element-4d9cd957 elementor-section-boxed elementor-section-height-default elementor-section-height-default\" data-id=\"4d9cd957\" data-element_type=\"section\">\n\t\t\t\t\t\t<div class=\"elementor-container elementor-column-gap-default\">\n\t\t\t\t\t\t\t<div class=\"elementor-row\">\n\t\t\t\t\t<div class=\"elementor-column elementor-col-100 elementor-top-column elementor-element elementor-element-65771933\" data-id=\"65771933\" data-element_type=\"column\">\n\t\t\t<div class=\"elementor-column-wrap elementor-element-populated\">\n\t\t\t\t\t\t\t<div class=\"elementor-widget-wrap\">\n\t\t\t\t\t\t<div class=\"elementor-element elementor-element-602b434d elementor-widget elementor-widget-vt-saaspot_identifying\" data-id=\"602b434d\" data-element_type=\"widget\" data-settings=\"{&quot;identifying_image&quot;:{&quot;url&quot;:&quot;http:\\\/\\\/bnss.biz\\\/wp-content\\\/uploads\\\/2020\\\/07\\\/thAssistencia.png&quot;,&quot;id&quot;:3295},&quot;identifying_btn_icon&quot;:&quot;fa fa-angle-right&quot;}\" data-widget_type=\"vt-saaspot_identifying.default\">\n\t\t\t\t<div class=\"elementor-widget-container\">\n\t\t\t<div class=\"identify-item\">\n\t\t\t          <div class=\"row\">\n\t\t\t            <div class=\"col-lg-6\">\n\t\t\t              <div class=\"saspot-image saspot-item\"><img src=\"https:\/\/caperio.ai\/wp-content\/uploads\/2020\/07\/thAssistencia.png\" alt=\"\"><\/div>\n\t\t\t            <\/div>\n\t\t\t            <div class=\"col-lg-6\">\n\t\t\t              <div class=\"identify-info saspot-item\">\n\t\t\t                <div class=\"saspot-table-wrap\">\n\t\t\t                  <div class=\"saspot-align-wrap\">\n\t\t\t                    <h2 class=\"identify-title\">Asistencia social<\/h2><p>Recepci\u00f3n y respeto a cada individuo con foco en la protecci\u00f3n de la familia, la infancia, la adolescencia y la vejez, apoyando a los ni\u00f1os y adolescentes en situaci\u00f3n de riesgo y vulnerabilidad social, as\u00ed como promoviendo la integraci\u00f3n al mercado laboral.<\/p><div class=\"saspot-link-wrap\"><a href=\"https:\/\/santamarcelina.org.br\/assistencia_social\/\" target=\"_blank\"  class=\"saspot-link\">APRENDER M\u00c1S <i class=\"fa fa-angle-right\" aria-hidden=\"true\"><\/i><\/a><\/div>\n\t\t\t                  <\/div>\n\t\t\t                <\/div>\n\t\t\t              <\/div>\n\t\t\t            <\/div>\n\t\t\t          <\/div>\n\t\t\t        <\/div>\t\t<\/div>\n\t\t\t\t<\/div>\n\t\t\t\t<div class=\"elementor-element elementor-element-3f4099b8 elementor-widget elementor-widget-vt-saaspot_identifying\" data-id=\"3f4099b8\" data-element_type=\"widget\" data-settings=\"{&quot;identifying_image&quot;:{&quot;url&quot;:&quot;http:\\\/\\\/bnss.biz\\\/wp-content\\\/uploads\\\/2020\\\/07\\\/thEducacao.png&quot;,&quot;id&quot;:3296},&quot;identifying_btn_icon&quot;:&quot;fa fa-angle-right&quot;}\" data-widget_type=\"vt-saaspot_identifying.default\">\n\t\t\t\t<div class=\"elementor-widget-container\">\n\t\t\t<div class=\"identify-item\">\n\t\t\t          <div class=\"row\">\n\t\t\t            <div class=\"col-lg-6 order-lg-2\">\n\t\t\t              <div class=\"saspot-image saspot-item\"><img src=\"https:\/\/caperio.ai\/wp-content\/uploads\/2020\/07\/thEducacao.png\" alt=\"\"><\/div>\n\t\t\t            <\/div>\n\t\t\t            <div class=\"col-lg-6 order-lg-1\">\n\t\t\t              <div class=\"identify-info saspot-item\">\n\t\t\t                <div class=\"saspot-table-wrap\">\n\t\t\t                  <div class=\"saspot-align-wrap\">\n\t\t\t                    <h2 class=\"identify-title\">Educaci\u00f3n<\/h2><p>Santa Marcelina ha construido una verdadera Red Educativa, conformada por colegios, escuelas y obras sociales presentes en 9 estados, atendiendo a m\u00e1s de 17,000 estudiantes, desde Educaci\u00f3n Infantil hasta Educaci\u00f3n Superior.<\/p><div class=\"saspot-link-wrap\"><a href=\"https:\/\/santamarcelina.org.br\/educacao\/\" target=\"_blank\"  class=\"saspot-link\">APRENDER M\u00c1S <i class=\"fa fa-angle-right\" aria-hidden=\"true\"><\/i><\/a><\/div>\n\t\t\t                  <\/div>\n\t\t\t                <\/div>\n\t\t\t              <\/div>\n\t\t\t            <\/div>\n\t\t\t          <\/div>\n\t\t\t        <\/div>\t\t<\/div>\n\t\t\t\t<\/div>\n\t\t\t\t<div class=\"elementor-element elementor-element-314808d3 elementor-widget elementor-widget-vt-saaspot_identifying\" data-id=\"314808d3\" data-element_type=\"widget\" data-settings=\"{&quot;identifying_image&quot;:{&quot;url&quot;:&quot;http:\\\/\\\/bnss.biz\\\/wp-content\\\/uploads\\\/2020\\\/07\\\/thCultura.png&quot;,&quot;id&quot;:3302},&quot;identifying_btn_icon&quot;:&quot;fa fa-angle-right&quot;}\" data-widget_type=\"vt-saaspot_identifying.default\">\n\t\t\t\t<div class=\"elementor-widget-container\">\n\t\t\t<div class=\"identify-item\">\n\t\t\t          <div class=\"row\">\n\t\t\t            <div class=\"col-lg-6\">\n\t\t\t              <div class=\"saspot-image saspot-item\"><img src=\"https:\/\/caperio.ai\/wp-content\/uploads\/2020\/07\/thCultura.png\" alt=\"\"><\/div>\n\t\t\t            <\/div>\n\t\t\t            <div class=\"col-lg-6\">\n\t\t\t              <div class=\"identify-info saspot-item\">\n\t\t\t                <div class=\"saspot-table-wrap\">\n\t\t\t                  <div class=\"saspot-align-wrap\">\n\t\t\t                    <h2 class=\"identify-title\">Cultura & Valores<\/h2><p>Creada en 2008, la Organizaci\u00f3n Social Santa Marcelina Cultura se encarga de gestionar programas y proyectos que no solo ense\u00f1an oficios y profesiones, sino que tambi\u00e9n transmiten valores a la familia y la sociedad.<\/p><div class=\"saspot-link-wrap\"><a href=\"http:\/\/www.santamarcelinacultura.org.br\/en\/home-2\/\" target=\"_blank\"  class=\"saspot-link\">APRENDER M\u00c1S <i class=\"fa fa-angle-right\" aria-hidden=\"true\"><\/i><\/a><\/div>\n\t\t\t                  <\/div>\n\t\t\t                <\/div>\n\t\t\t              <\/div>\n\t\t\t            <\/div>\n\t\t\t          <\/div>\n\t\t\t        <\/div>\t\t<\/div>\n\t\t\t\t<\/div>\n\t\t\t\t\t\t<\/div>\n\t\t\t\t\t<\/div>\n\t\t<\/div>\n\t\t\t\t\t\t\t\t<\/div>\n\t\t\t\t\t<\/div>\n\t\t<\/section>\n\t\t\t\t<section class=\"elementor-section elementor-top-section elementor-element elementor-element-6f3f489 elementor-section-boxed elementor-section-height-default elementor-section-height-default\" data-id=\"6f3f489\" data-element_type=\"section\">\n\t\t\t\t\t\t<div class=\"elementor-container elementor-column-gap-default\">\n\t\t\t\t\t\t\t<div class=\"elementor-row\">\n\t\t\t\t\t<div class=\"elementor-column elementor-col-100 elementor-top-column elementor-element elementor-element-57d2597\" data-id=\"57d2597\" data-element_type=\"column\">\n\t\t\t<div class=\"elementor-column-wrap elementor-element-populated\">\n\t\t\t\t\t\t\t<div class=\"elementor-widget-wrap\">\n\t\t\t\t\t\t<div class=\"elementor-element elementor-element-0434ea7 elementor-widget elementor-widget-vt-saaspot_section_title\" data-id=\"0434ea7\" data-element_type=\"widget\" data-widget_type=\"vt-saaspot_section_title.default\">\n\t\t\t\t<div class=\"elementor-widget-container\">\n\t\t\t<div class=\"section-title-wrap\"><h2 class=\"section-title\">Interesado en Unirse a Nuestro Equipo?<\/h2><\/div>\t\t<\/div>\n\t\t\t\t<\/div>\n\t\t\t\t<div class=\"elementor-element elementor-element-2fcbaae elementor-widget elementor-widget-vt-saaspot_button\" data-id=\"2fcbaae\" data-element_type=\"widget\" data-settings=\"{&quot;btn_icon&quot;:&quot;fa fa-angle-right&quot;}\" data-widget_type=\"vt-saaspot_button.default\">\n\t\t\t\t<div class=\"elementor-widget-container\">\n\t\t\t<div class=\"saaspot-btn-wrap\"><a href=\"https:\/\/bossanovadata.com\/work-with-us\/\" target=\"_blank\"  class=\"saspot-btn saspot-light-blue-btn\">VER OPORTUNIDADES <i class=\"fa fa-angle-right\" aria-hidden=\"true\"><\/i><\/a><\/div>\t\t<\/div>\n\t\t\t\t<\/div>\n\t\t\t\t\t\t<\/div>\n\t\t\t\t\t<\/div>\n\t\t<\/div>\n\t\t\t\t\t\t\t\t<\/div>\n\t\t\t\t\t<\/div>\n\t\t<\/section>\n\t\t\t\t\t\t<\/div>\n\t\t\t\t\t\t<\/div>\n\t\t\t\t\t<\/div>\n\t\t","protected":false},"excerpt":{"rendered":"Nuestra Misi\u00f3n Somos responsables del \u00e9xito continuo de nuestros clientes en el uso de nuestro software y soluciones para transformar sus organizaciones. Lideraremos con ideas y car\u00e1cter a medida que nos ganamos su confianza. Impulse un Crecimiento de Beneficios Significativo y Sostenido Nuestra plataforma est\u00e1 dise\u00f1ada para generar impacto en los ingresos y crecimiento continuo&#8230;.","protected":false},"author":2,"featured_media":0,"parent":0,"menu_order":0,"comment_status":"closed","ping_status":"closed","template":"","meta":[],"tags":[],"amp_validity":null,"amp_enabled":true,"_links":{"self":[{"href":"https:\/\/caperio.ai\/index.php?rest_route=\/wp\/v2\/pages\/4772"}],"collection":[{"href":"https:\/\/caperio.ai\/index.php?rest_route=\/wp\/v2\/pages"}],"about":[{"href":"https:\/\/caperio.ai\/index.php?rest_route=\/wp\/v2\/types\/page"}],"author":[{"embeddable":true,"href":"https:\/\/caperio.ai\/index.php?rest_route=\/wp\/v2\/users\/2"}],"replies":[{"embeddable":true,"href":"https:\/\/caperio.ai\/index.php?rest_route=%2Fwp%2Fv2%2Fcomments&post=4772"}],"version-history":[{"count":29,"href":"https:\/\/caperio.ai\/index.php?rest_route=\/wp\/v2\/pages\/4772\/revisions"}],"predecessor-version":[{"id":6116,"href":"https:\/\/caperio.ai\/index.php?rest_route=\/wp\/v2\/pages\/4772\/revisions\/6116"}],"wp:attachment":[{"href":"https:\/\/caperio.ai\/index.php?rest_route=%2Fwp%2Fv2%2Fmedia&parent=4772"}],"wp:term":[{"taxonomy":"post_tag","embeddable":true,"href":"https:\/\/caperio.ai\/index.php?rest_route=%2Fwp%2Fv2%2Ftags&post=4772"}],"curies":[{"name":"wp","href":"https:\/\/api.w.org\/{rel}","templated":true}]}}