{"id":4781,"date":"2020-09-22T15:59:18","date_gmt":"2020-09-22T15:59:18","guid":{"rendered":"https:\/\/caperio.ai\/?page_id=4781"},"modified":"2021-04-19T11:58:40","modified_gmt":"2021-04-19T11:58:40","slug":"nosotros","status":"publish","type":"page","link":"https:\/\/caperio.ai\/?page_id=4781&lang=es","title":{"rendered":"Nosotros"},"content":{"rendered":"\t\t<div data-elementor-type=\"wp-post\" data-elementor-id=\"4781\" class=\"elementor elementor-4781 elementor-1727\" data-elementor-settings=\"[]\">\n\t\t\t\t\t\t<div class=\"elementor-inner\">\n\t\t\t\t\t\t\t<div class=\"elementor-section-wrap\">\n\t\t\t\t\t\t\t<section class=\"elementor-section elementor-top-section elementor-element elementor-element-57a6aef elementor-section-stretched elementor-section-full_width elementor-section-height-default elementor-section-height-default\" data-id=\"57a6aef\" data-element_type=\"section\" data-settings=\"{&quot;stretch_section&quot;:&quot;section-stretched&quot;}\">\n\t\t\t\t\t\t<div class=\"elementor-container elementor-column-gap-default\">\n\t\t\t\t\t\t\t<div class=\"elementor-row\">\n\t\t\t\t\t<div class=\"elementor-column elementor-col-100 elementor-top-column elementor-element elementor-element-1517979\" data-id=\"1517979\" data-element_type=\"column\">\n\t\t\t<div class=\"elementor-column-wrap elementor-element-populated\">\n\t\t\t\t\t\t\t<div class=\"elementor-widget-wrap\">\n\t\t\t\t\t\t<div class=\"elementor-element elementor-element-369cfce elementor-widget elementor-widget-vt-saaspot_stick_menu\" data-id=\"369cfce\" data-element_type=\"widget\" data-widget_type=\"vt-saaspot_stick_menu.default\">\n\t\t\t\t<div class=\"elementor-widget-container\">\n\t\t\t<div class=\"saspot-menu saspot-sticky\"><ul><li><a href=\"#ShortHistory\"  >Nuestra Historia<\/a><\/li><li><a href=\"#GlobalBranches\"  >Ubicaciones<\/a><\/li><li><a href=\"#OurTeam\"  >Nuestro Equipo<\/a><\/li><li><a href=\"#Interested%20in%20Joining%20our%20Team?\"  >\u00danase a Nosotros<\/a><\/li><\/ul><\/div>\t\t<\/div>\n\t\t\t\t<\/div>\n\t\t\t\t\t\t<\/div>\n\t\t\t\t\t<\/div>\n\t\t<\/div>\n\t\t\t\t\t\t\t\t<\/div>\n\t\t\t\t\t<\/div>\n\t\t<\/section>\n\t\t\t\t<section class=\"elementor-section elementor-top-section elementor-element elementor-element-3eed97d elementor-section-boxed elementor-section-height-default elementor-section-height-default\" data-id=\"3eed97d\" data-element_type=\"section\" id=\"ShortHistory\">\n\t\t\t\t\t\t<div class=\"elementor-container elementor-column-gap-default\">\n\t\t\t\t\t\t\t<div class=\"elementor-row\">\n\t\t\t\t\t<div class=\"elementor-column elementor-col-100 elementor-top-column elementor-element elementor-element-91fe681\" data-id=\"91fe681\" data-element_type=\"column\">\n\t\t\t<div class=\"elementor-column-wrap elementor-element-populated\">\n\t\t\t\t\t\t\t<div class=\"elementor-widget-wrap\">\n\t\t\t\t\t\t<div class=\"elementor-element elementor-element-1a448a7 elementor-widget elementor-widget-vt-saaspot_image\" data-id=\"1a448a7\" data-element_type=\"widget\" data-settings=\"{&quot;image_align&quot;:&quot;center&quot;}\" data-widget_type=\"vt-saaspot_image.default\">\n\t\t\t\t<div class=\"elementor-widget-container\">\n\t\t\t<div class=\"saspot-image wow fadeInUp\" data-wow-duration=\"1s\" data-wow-delay=\"1s\"><img src=\"https:\/\/caperio.ai\/wp-content\/uploads\/2019\/01\/icon5@1x.png\" alt=\"\"><\/div>\t\t<\/div>\n\t\t\t\t<\/div>\n\t\t\t\t<div class=\"elementor-element elementor-element-f35edbe elementor-widget elementor-widget-vt-saaspot_section_title\" data-id=\"f35edbe\" data-element_type=\"widget\" data-widget_type=\"vt-saaspot_section_title.default\">\n\t\t\t\t<div class=\"elementor-widget-container\">\n\t\t\t<div class=\"section-title-wrap\"><h2 class=\"section-title\">Nuestra Historia<\/h2><\/div>\t\t<\/div>\n\t\t\t\t<\/div>\n\t\t\t\t<section class=\"elementor-section elementor-inner-section elementor-element elementor-element-cc812af elementor-section-boxed elementor-section-height-default elementor-section-height-default\" data-id=\"cc812af\" data-element_type=\"section\">\n\t\t\t\t\t\t<div class=\"elementor-container elementor-column-gap-default\">\n\t\t\t\t\t\t\t<div class=\"elementor-row\">\n\t\t\t\t\t<div class=\"elementor-column elementor-col-50 elementor-inner-column elementor-element elementor-element-468f31a\" data-id=\"468f31a\" data-element_type=\"column\">\n\t\t\t<div class=\"elementor-column-wrap elementor-element-populated\">\n\t\t\t\t\t\t\t<div class=\"elementor-widget-wrap\">\n\t\t\t\t\t\t<div class=\"elementor-element elementor-element-7ccc7c8 elementor-widget elementor-widget-text-editor\" data-id=\"7ccc7c8\" data-element_type=\"widget\" data-widget_type=\"text-editor.default\">\n\t\t\t\t<div class=\"elementor-widget-container\">\n\t\t\t\t\t<div class=\"elementor-text-editor elementor-clearfix\"><p>Bossa Nova Data Solutions, LLC es una empresa l\u00edder en ciencia de datos fundada en Weston, Florida, EE. UU. En 2006.<br \/>En 2010 abrimos nuestro sucursal en S\u00e3o Paulo, Brasil.<\/p><p>Operamos en la intersecci\u00f3n de la inteligencia artificial y el desempe\u00f1o excepcional de las personas, brindando soluciones basadas en datos que aprovechan las capacidades de inteligencia artificial que incluyen; Aprendizaje autom\u00e1tico, modelado predictivo, reconocimiento autom\u00e1tico de voz y procesamiento de lenguaje natural.<br \/>Nuestro principal producto es Caperio, una Plataforma de IA para mejorar el desempe\u00f1o. Es utilizado por grandes empresas en varias ind\u00fastrias.<\/p><p>Nuestras soluciones est\u00e1n basadas en la nube, o pueden ser instaladas en su local, son totalmente personalizables, f\u00e1ciles de implementar y no requieren una inversi\u00f3n inicial en hardware o software.<\/p><\/div>\n\t\t\t\t<\/div>\n\t\t\t\t<\/div>\n\t\t\t\t\t\t<\/div>\n\t\t\t\t\t<\/div>\n\t\t<\/div>\n\t\t\t\t<div class=\"elementor-column elementor-col-50 elementor-inner-column elementor-element elementor-element-7804dfe\" data-id=\"7804dfe\" data-element_type=\"column\">\n\t\t\t<div class=\"elementor-column-wrap elementor-element-populated\">\n\t\t\t\t\t\t\t<div class=\"elementor-widget-wrap\">\n\t\t\t\t\t\t<div class=\"elementor-element elementor-element-1a31848 elementor-widget elementor-widget-text-editor\" data-id=\"1a31848\" data-element_type=\"widget\" data-widget_type=\"text-editor.default\">\n\t\t\t\t<div class=\"elementor-widget-container\">\n\t\t\t\t\t<div class=\"elementor-text-editor elementor-clearfix\"><p>Aplicable para las siguientes ind\u00fastrias:<br \/>Servicios Financieros, Mercado de Capitales, Salud, Sector P\u00fablico, Marketing, Comercios, Seguros, Energ\u00eda y Telecomunicaciones.<\/p>\n<p>M\u00e1s de 1 mill\u00f3n de contactos analizados mensualmente con operaciones basadas en la nube para las empresas m\u00e1s grandes del mundo que utilizan an\u00e1lisis predictivo de Big Data y ciencia de aprendizaje autom\u00e1tico.<\/p>\n<ul>\n<li>M\u00e1s de 36 millones de scores de cr\u00e9dito generados anualmente<\/li>\n<li>Los clientes incluyen compa\u00f1\u00edas Fortune 100 y BPO multinacional<\/li>\n<\/ul>\n<div>Desde nuestros inicios como empresa, estamos comprometidos a contribuir con el 10% de nuestras ganancias comerciales a organizaciones ben\u00e9ficas reconocidas.<br \/>Consulte Nuestro Prop\u00f3sito para obtener m\u00e1s detalles.<\/div>\n<div> <\/div>\n<\/div>\n\t\t\t\t<\/div>\n\t\t\t\t<\/div>\n\t\t\t\t\t\t<\/div>\n\t\t\t\t\t<\/div>\n\t\t<\/div>\n\t\t\t\t\t\t\t\t<\/div>\n\t\t\t\t\t<\/div>\n\t\t<\/section>\n\t\t\t\t\t\t<\/div>\n\t\t\t\t\t<\/div>\n\t\t<\/div>\n\t\t\t\t\t\t\t\t<\/div>\n\t\t\t\t\t<\/div>\n\t\t<\/section>\n\t\t\t\t<section class=\"elementor-section elementor-top-section elementor-element elementor-element-b9ab0ba elementor-section-stretched elementor-section-boxed elementor-section-height-default elementor-section-height-default\" data-id=\"b9ab0ba\" data-element_type=\"section\" id=\"GlobalBranches\" data-settings=\"{&quot;stretch_section&quot;:&quot;section-stretched&quot;,&quot;background_background&quot;:&quot;classic&quot;}\">\n\t\t\t\t\t\t<div class=\"elementor-container elementor-column-gap-default\">\n\t\t\t\t\t\t\t<div class=\"elementor-row\">\n\t\t\t\t\t<div class=\"elementor-column elementor-col-50 elementor-top-column elementor-element elementor-element-1c00022\" data-id=\"1c00022\" data-element_type=\"column\">\n\t\t\t<div class=\"elementor-column-wrap elementor-element-populated\">\n\t\t\t\t\t\t\t<div class=\"elementor-widget-wrap\">\n\t\t\t\t\t\t<div class=\"elementor-element elementor-element-3d0f899 elementor-widget elementor-widget-vt-saaspot_steps\" data-id=\"3d0f899\" data-element_type=\"widget\" data-settings=\"{&quot;steps_btn_icon&quot;:&quot;fa fa-angle-right&quot;}\" data-widget_type=\"vt-saaspot_steps.default\">\n\t\t\t\t<div class=\"elementor-widget-container\">\n\t\t\t<div class=\"step-info\"><h2 class=\"step-title\">Nuestras Ubicaciones<\/h2><p>Seguimos prestando servicios a empresas a nivel mundial, con oficinas en Am\u00e9rica del Norte y del Sur.<\/p><div class=\"saspot-link-wrap\"><a href=\"https:\/\/caperio.ai\/?page_id=5602&lang=es\" target=\"_blank\"  class=\"saspot-link\">Cont\u00e1ctenos <i class=\"fa fa-angle-right\" aria-hidden=\"true\"><\/i><\/a><\/div><\/div>\t\t<\/div>\n\t\t\t\t<\/div>\n\t\t\t\t\t\t<\/div>\n\t\t\t\t\t<\/div>\n\t\t<\/div>\n\t\t\t\t<div class=\"elementor-column elementor-col-50 elementor-top-column elementor-element elementor-element-ef1e76e\" data-id=\"ef1e76e\" data-element_type=\"column\">\n\t\t\t<div class=\"elementor-column-wrap elementor-element-populated\">\n\t\t\t\t\t\t\t<div class=\"elementor-widget-wrap\">\n\t\t\t\t\t\t<div class=\"elementor-element elementor-element-b3cbbfb elementor-widget elementor-widget-image\" data-id=\"b3cbbfb\" data-element_type=\"widget\" data-widget_type=\"image.default\">\n\t\t\t\t<div class=\"elementor-widget-container\">\n\t\t\t\t\t<div class=\"elementor-image\">\n\t\t\t\t\t\t\t\t\t\t<img width=\"1024\" height=\"621\" src=\"https:\/\/caperio.ai\/wp-content\/uploads\/2021\/04\/World-map-pin-atl-sp-1024x621.jpg\" class=\"attachment-large size-large\" alt=\"\" loading=\"lazy\" srcset=\"https:\/\/caperio.ai\/wp-content\/uploads\/2021\/04\/World-map-pin-atl-sp-1024x621.jpg 1024w, https:\/\/caperio.ai\/wp-content\/uploads\/2021\/04\/World-map-pin-atl-sp-300x182.jpg 300w, https:\/\/caperio.ai\/wp-content\/uploads\/2021\/04\/World-map-pin-atl-sp-768x466.jpg 768w, https:\/\/caperio.ai\/wp-content\/uploads\/2021\/04\/World-map-pin-atl-sp-1536x932.jpg 1536w, https:\/\/caperio.ai\/wp-content\/uploads\/2021\/04\/World-map-pin-atl-sp-2048x1243.jpg 2048w\" sizes=\"(max-width: 1024px) 100vw, 1024px\" \/>\t\t\t\t\t\t\t\t\t\t\t<\/div>\n\t\t\t\t<\/div>\n\t\t\t\t<\/div>\n\t\t\t\t\t\t<\/div>\n\t\t\t\t\t<\/div>\n\t\t<\/div>\n\t\t\t\t\t\t\t\t<\/div>\n\t\t\t\t\t<\/div>\n\t\t<\/section>\n\t\t\t\t<section class=\"elementor-section elementor-top-section elementor-element elementor-element-154d742 elementor-section-boxed elementor-section-height-default elementor-section-height-default\" data-id=\"154d742\" data-element_type=\"section\" id=\"OurTeam\">\n\t\t\t\t\t\t<div class=\"elementor-container elementor-column-gap-default\">\n\t\t\t\t\t\t\t<div class=\"elementor-row\">\n\t\t\t\t\t<div class=\"elementor-column elementor-col-100 elementor-top-column elementor-element elementor-element-fd9811d\" data-id=\"fd9811d\" data-element_type=\"column\">\n\t\t\t<div class=\"elementor-column-wrap elementor-element-populated\">\n\t\t\t\t\t\t\t<div class=\"elementor-widget-wrap\">\n\t\t\t\t\t\t<div class=\"elementor-element elementor-element-54cc478 elementor-widget elementor-widget-vt-saaspot_section_title\" data-id=\"54cc478\" data-element_type=\"widget\" data-widget_type=\"vt-saaspot_section_title.default\">\n\t\t\t\t<div class=\"elementor-widget-container\">\n\t\t\t<div class=\"section-title-wrap\"><h2 class=\"section-title\">Nuestros L\u00edderes<\/h2><\/div>\t\t<\/div>\n\t\t\t\t<\/div>\n\t\t\t\t<div class=\"elementor-element elementor-element-3e82852 elementor-widget elementor-widget-vt-saaspot_team\" data-id=\"3e82852\" data-element_type=\"widget\" data-widget_type=\"vt-saaspot_team.default\">\n\t\t\t\t<div class=\"elementor-widget-container\">\n\t\t\t\t\t<div class=\"saspot-team-mates\">\n    \t<div class=\"owl-carousel\"  data-loop=\"false\" data-items=\"3\" data-margin=\"30\" data-dots=\"false\" data-nav=\"false\" data-autoplay-timeout=\"5000\" data-autoplay=\"true\" data-mouse-drag=\"true\" data-items-tablet=\"2\" data-items-mobile-landscape=\"1\" data-items-mobile-portrait=\"1\">\n\t\t\t\t\t\t\t<div class=\"item\">\n\t\t      <div class=\"mate-item\">\n\t\t        \t\t        <div class=\"saspot-image\"><a href=\"https:\/\/caperio.ai\/?team=roy-ludwig\"><img src=\"https:\/\/caperio.ai\/wp-content\/uploads\/2019\/02\/roy_team_caperio_picture-270x370.jpg\" alt=\"Roy Ludwig\"><\/a><\/div>\n\t\t        \t\t        <div class=\"mate-info\">\n\t\t          <h5 class=\"mate-name\"><a href=\"https:\/\/caperio.ai\/?team=roy-ludwig\">Roy Ludwig<\/a><\/h5>\n\t\t          <p>Chief Technology Officer &amp; Co-Founder<\/p>\n\t\t        <\/div>\n\t\t      <\/div>\n\t\t    <\/div>\n\t\t\t\t\t\t\t\t<div class=\"item\">\n\t\t      <div class=\"mate-item\">\n\t\t        \t\t        <div class=\"saspot-image\"><a href=\"https:\/\/caperio.ai\/?team=alexandra-bidoli\"><img src=\"https:\/\/caperio.ai\/wp-content\/uploads\/2019\/02\/alexandra-bidoli-profile-scaled-270x370.jpg\" alt=\"Alexandra Bidoli\"><\/a><\/div>\n\t\t        \t\t        <div class=\"mate-info\">\n\t\t          <h5 class=\"mate-name\"><a href=\"https:\/\/caperio.ai\/?team=alexandra-bidoli\">Alexandra Bidoli<\/a><\/h5>\n\t\t          <p>Co-Founder &amp; Customer Success Director<\/p>\n\t\t        <\/div>\n\t\t      <\/div>\n\t\t    <\/div>\n\t\t\t\t\t\t\t\t<div class=\"item\">\n\t\t      <div class=\"mate-item\">\n\t\t        \t\t        <div class=\"saspot-image\"><a href=\"https:\/\/caperio.ai\/?team=jorge-lourencao\"><img src=\"https:\/\/caperio.ai\/wp-content\/uploads\/2020\/10\/3952246E-4DAC-4D49-AFF4-CAA964600F1B-2-270x370.jpg\" alt=\"Jorge Louren\u00e7\u00e3o\"><\/a><\/div>\n\t\t        \t\t        <div class=\"mate-info\">\n\t\t          <h5 class=\"mate-name\"><a href=\"https:\/\/caperio.ai\/?team=jorge-lourencao\">Jorge Louren\u00e7\u00e3o<\/a><\/h5>\n\t\t          <p>Chief Operations Officer &amp; Partner<\/p>\n\t\t        <\/div>\n\t\t      <\/div>\n\t\t    <\/div>\n\t\t\t\t\t\t  <\/div>\n\t\t<\/div> <!-- team End -->\n\t\t\t\t<\/div>\n\t\t\t\t<\/div>\n\t\t\t\t\t\t<\/div>\n\t\t\t\t\t<\/div>\n\t\t<\/div>\n\t\t\t\t\t\t\t\t<\/div>\n\t\t\t\t\t<\/div>\n\t\t<\/section>\n\t\t\t\t<section class=\"elementor-section elementor-top-section elementor-element elementor-element-d49e053 elementor-section-boxed elementor-section-height-default elementor-section-height-default\" data-id=\"d49e053\" data-element_type=\"section\" id=\"Counter\">\n\t\t\t\t\t\t<div class=\"elementor-container elementor-column-gap-default\">\n\t\t\t\t\t\t\t<div class=\"elementor-row\">\n\t\t\t\t\t<div class=\"elementor-column elementor-col-100 elementor-top-column elementor-element elementor-element-7920907\" data-id=\"7920907\" data-element_type=\"column\">\n\t\t\t<div class=\"elementor-column-wrap elementor-element-populated\">\n\t\t\t\t\t\t\t<div class=\"elementor-widget-wrap\">\n\t\t\t\t\t\t<div class=\"elementor-element elementor-element-81ccac5 elementor-widget elementor-widget-vt-saaspot_section_title\" data-id=\"81ccac5\" data-element_type=\"widget\" data-widget_type=\"vt-saaspot_section_title.default\">\n\t\t\t\t<div class=\"elementor-widget-container\">\n\t\t\t<div class=\"section-title-wrap\"><h2 class=\"section-title\">M\u00e1s de <span><span class=\"saspot-counter\">1,000,000<\/span>+ Interacciones <\/br>Analizadas Mensualmente<\/span><\/h2><p>Las empresas est\u00e1n transformando la forma en que crecen e interact\u00faan con sus clientes todos los d\u00edas en Caperio.ai<\/p><\/div>\t\t<\/div>\n\t\t\t\t<\/div>\n\t\t\t\t<div class=\"elementor-element elementor-element-73b60d0 elementor-widget-divider--view-line elementor-widget elementor-widget-divider\" data-id=\"73b60d0\" data-element_type=\"widget\" data-widget_type=\"divider.default\">\n\t\t\t\t<div class=\"elementor-widget-container\">\n\t\t\t\t\t<div class=\"elementor-divider\">\n\t\t\t<span class=\"elementor-divider-separator\">\n\t\t\t\t\t\t<\/span>\n\t\t<\/div>\n\t\t\t\t<\/div>\n\t\t\t\t<\/div>\n\t\t\t\t\t\t<\/div>\n\t\t\t\t\t<\/div>\n\t\t<\/div>\n\t\t\t\t\t\t\t\t<\/div>\n\t\t\t\t\t<\/div>\n\t\t<\/section>\n\t\t\t\t<section class=\"elementor-section elementor-top-section elementor-element elementor-element-0c6cd37 elementor-section-boxed elementor-section-height-default elementor-section-height-default\" data-id=\"0c6cd37\" data-element_type=\"section\">\n\t\t\t\t\t\t<div class=\"elementor-container elementor-column-gap-default\">\n\t\t\t\t\t\t\t<div class=\"elementor-row\">\n\t\t\t\t\t<div class=\"elementor-column elementor-col-100 elementor-top-column elementor-element elementor-element-6b15aa7\" data-id=\"6b15aa7\" data-element_type=\"column\">\n\t\t\t<div class=\"elementor-column-wrap elementor-element-populated\">\n\t\t\t\t\t\t\t<div class=\"elementor-widget-wrap\">\n\t\t\t\t\t\t<div class=\"elementor-element elementor-element-0895f6d elementor-widget elementor-widget-vt-saaspot_section_title\" data-id=\"0895f6d\" data-element_type=\"widget\" data-widget_type=\"vt-saaspot_section_title.default\">\n\t\t\t\t<div class=\"elementor-widget-container\">\n\t\t\t<div class=\"section-title-wrap\"><h2 class=\"section-title\">\u00bfInteresado en unirse a nuestro equipo?<\/h2><\/div>\t\t<\/div>\n\t\t\t\t<\/div>\n\t\t\t\t<div class=\"elementor-element elementor-element-fdb8173 elementor-widget elementor-widget-vt-saaspot_button\" data-id=\"fdb8173\" data-element_type=\"widget\" data-settings=\"{&quot;btn_icon&quot;:&quot;fa fa-angle-right&quot;}\" data-widget_type=\"vt-saaspot_button.default\">\n\t\t\t\t<div class=\"elementor-widget-container\">\n\t\t\t<div class=\"saaspot-btn-wrap\"><a href=\"https:\/\/bossanovadata.com\/work-with-us\/\" target=\"_blank\"  class=\"saspot-btn saspot-light-blue-btn\">VER OPORTUNIDADES <i class=\"fa fa-angle-right\" aria-hidden=\"true\"><\/i><\/a><\/div>\t\t<\/div>\n\t\t\t\t<\/div>\n\t\t\t\t\t\t<\/div>\n\t\t\t\t\t<\/div>\n\t\t<\/div>\n\t\t\t\t\t\t\t\t<\/div>\n\t\t\t\t\t<\/div>\n\t\t<\/section>\n\t\t\t\t\t\t<\/div>\n\t\t\t\t\t\t<\/div>\n\t\t\t\t\t<\/div>\n\t\t","protected":false},"excerpt":{"rendered":"Nuestra Historia Ubicaciones Nuestro Equipo \u00danase a Nosotros Nuestra Historia Bossa Nova Data Solutions, LLC es una empresa l\u00edder en ciencia de datos fundada en Weston, Florida, EE. UU. En 2006. En 2010 abrimos nuestro sucursal en S\u00e3o Paulo, Brasil. Operamos en la intersecci\u00f3n de la inteligencia artificial y el desempe\u00f1o excepcional de las personas,&#8230;","protected":false},"author":2,"featured_media":0,"parent":0,"menu_order":0,"comment_status":"closed","ping_status":"closed","template":"","meta":[],"tags":[],"amp_validity":null,"amp_enabled":true,"_links":{"self":[{"href":"https:\/\/caperio.ai\/index.php?rest_route=\/wp\/v2\/pages\/4781"}],"collection":[{"href":"https:\/\/caperio.ai\/index.php?rest_route=\/wp\/v2\/pages"}],"about":[{"href":"https:\/\/caperio.ai\/index.php?rest_route=\/wp\/v2\/types\/page"}],"author":[{"embeddable":true,"href":"https:\/\/caperio.ai\/index.php?rest_route=\/wp\/v2\/users\/2"}],"replies":[{"embeddable":true,"href":"https:\/\/caperio.ai\/index.php?rest_route=%2Fwp%2Fv2%2Fcomments&post=4781"}],"version-history":[{"count":17,"href":"https:\/\/caperio.ai\/index.php?rest_route=\/wp\/v2\/pages\/4781\/revisions"}],"predecessor-version":[{"id":6106,"href":"https:\/\/caperio.ai\/index.php?rest_route=\/wp\/v2\/pages\/4781\/revisions\/6106"}],"wp:attachment":[{"href":"https:\/\/caperio.ai\/index.php?rest_route=%2Fwp%2Fv2%2Fmedia&parent=4781"}],"wp:term":[{"taxonomy":"post_tag","embeddable":true,"href":"https:\/\/caperio.ai\/index.php?rest_route=%2Fwp%2Fv2%2Ftags&post=4781"}],"curies":[{"name":"wp","href":"https:\/\/api.w.org\/{rel}","templated":true}]}}