{"id":4790,"date":"2020-09-22T16:40:05","date_gmt":"2020-09-22T16:40:05","guid":{"rendered":"https:\/\/caperio.ai\/?page_id=4790"},"modified":"2021-04-19T12:18:35","modified_gmt":"2021-04-19T12:18:35","slug":"red-de-socios","status":"publish","type":"page","link":"https:\/\/caperio.ai\/?page_id=4790&lang=es","title":{"rendered":"Red de Socios"},"content":{"rendered":"\t\t<div data-elementor-type=\"wp-post\" data-elementor-id=\"4790\" class=\"elementor elementor-4790 elementor-164\" data-elementor-settings=\"[]\">\n\t\t\t\t\t\t<div class=\"elementor-inner\">\n\t\t\t\t\t\t\t<div class=\"elementor-section-wrap\">\n\t\t\t\t\t\t\t<section class=\"elementor-section elementor-top-section elementor-element elementor-element-0f287dd elementor-section-boxed elementor-section-height-default elementor-section-height-default\" data-id=\"0f287dd\" data-element_type=\"section\">\n\t\t\t\t\t\t<div class=\"elementor-container elementor-column-gap-default\">\n\t\t\t\t\t\t\t<div class=\"elementor-row\">\n\t\t\t\t\t<div class=\"elementor-column elementor-col-100 elementor-top-column elementor-element elementor-element-0cca178\" data-id=\"0cca178\" data-element_type=\"column\">\n\t\t\t<div class=\"elementor-column-wrap elementor-element-populated\">\n\t\t\t\t\t\t\t<div class=\"elementor-widget-wrap\">\n\t\t\t\t\t\t<div class=\"elementor-element elementor-element-b788816 elementor-widget elementor-widget-vt-saaspot_section_title\" data-id=\"b788816\" data-element_type=\"widget\" data-widget_type=\"vt-saaspot_section_title.default\">\n\t\t\t\t<div class=\"elementor-widget-container\">\n\t\t\t<div class=\"section-title-wrap\"><h2 class=\"section-title\">Partner Snapshot<\/h2><p>BossaNova tiene una s\u00f3lida asociaci\u00f3n con Sertec para los bancos e instituciones financieras m\u00e1s grandes.<\/p><\/div>\t\t<\/div>\n\t\t\t\t<\/div>\n\t\t\t\t<div class=\"elementor-element elementor-element-11ba6e5 elementor-widget elementor-widget-image\" data-id=\"11ba6e5\" data-element_type=\"widget\" data-widget_type=\"image.default\">\n\t\t\t\t<div class=\"elementor-widget-container\">\n\t\t\t\t\t<div class=\"elementor-image\">\n\t\t\t\t\t\t\t\t\t\t<img width=\"241\" height=\"239\" src=\"https:\/\/caperio.ai\/wp-content\/uploads\/2020\/07\/logo_sertec_25-2.png\" class=\"attachment-large size-large\" alt=\"\" loading=\"lazy\" srcset=\"https:\/\/caperio.ai\/wp-content\/uploads\/2020\/07\/logo_sertec_25-2.png 241w, https:\/\/caperio.ai\/wp-content\/uploads\/2020\/07\/logo_sertec_25-2-150x150.png 150w\" sizes=\"(max-width: 241px) 100vw, 241px\" \/>\t\t\t\t\t\t\t\t\t\t\t<\/div>\n\t\t\t\t<\/div>\n\t\t\t\t<\/div>\n\t\t\t\t<div class=\"elementor-element elementor-element-aa7379f elementor-widget elementor-widget-heading\" data-id=\"aa7379f\" data-element_type=\"widget\" data-widget_type=\"heading.default\">\n\t\t\t\t<div class=\"elementor-widget-container\">\n\t\t\t<h2 class=\"elementor-heading-title elementor-size-default\">Ubicaciones<\/h2>\t\t<\/div>\n\t\t\t\t<\/div>\n\t\t\t\t<div class=\"elementor-element elementor-element-1154076 elementor-widget elementor-widget-image\" data-id=\"1154076\" data-element_type=\"widget\" data-widget_type=\"image.default\">\n\t\t\t\t<div class=\"elementor-widget-container\">\n\t\t\t\t\t<div class=\"elementor-image\">\n\t\t\t\t\t\t\t\t\t\t<img width=\"899\" height=\"568\" src=\"https:\/\/caperio.ai\/wp-content\/uploads\/2020\/07\/mapamx.png\" class=\"attachment-large size-large\" alt=\"\" loading=\"lazy\" srcset=\"https:\/\/caperio.ai\/wp-content\/uploads\/2020\/07\/mapamx.png 899w, https:\/\/caperio.ai\/wp-content\/uploads\/2020\/07\/mapamx-300x190.png 300w, https:\/\/caperio.ai\/wp-content\/uploads\/2020\/07\/mapamx-768x485.png 768w\" sizes=\"(max-width: 899px) 100vw, 899px\" \/>\t\t\t\t\t\t\t\t\t\t\t<\/div>\n\t\t\t\t<\/div>\n\t\t\t\t<\/div>\n\t\t\t\t<div class=\"elementor-element elementor-element-0d25554 elementor-blockquote--skin-quotation elementor-blockquote--align-right elementor-blockquote--button-color-official elementor-widget elementor-widget-blockquote\" data-id=\"0d25554\" data-element_type=\"widget\" data-widget_type=\"blockquote.default\">\n\t\t\t\t<div class=\"elementor-widget-container\">\n\t\t\t\t\t<blockquote class=\"elementor-blockquote\">\n\t\t\t<p class=\"elementor-blockquote__content\">\n\t\t\t\tBossaNova ha colaborado con nosotros no solo en la implementaci\u00f3n de su plataforma Caperio en nuestra empresa, sino como socio estrat\u00e9gico adaptando sus servicios a nuestras necesidades espec\u00edficas. <\/br>Capacitamos a nuestro equipo de gesti\u00f3n con el apoyo de BossaNova y hemos logrado impactos de gran alcance en nuestra organizaci\u00f3n. Realmente entienden los beneficios de la tecnolog\u00eda de vanguardia y c\u00f3mo lograr una alta efectividad en la gesti\u00f3n de cr\u00e9dito. <\/br>\t\t\t<\/p>\n\t\t\t\t\t\t\t<footer>\n\t\t\t\t\t\t\t\t\t\t\t<cite class=\"elementor-blockquote__author\">Antonio Jim\u00e9nez Hern\u00e1ndez - General Director SERTEC<\/cite>\n\t\t\t\t\t\t\t\t\t\t\t\t\t\t<\/footer>\n\t\t\t\t\t<\/blockquote>\n\t\t\t\t<\/div>\n\t\t\t\t<\/div>\n\t\t\t\t<div class=\"elementor-element elementor-element-6dcb572 elementor-widget elementor-widget-image\" data-id=\"6dcb572\" data-element_type=\"widget\" data-widget_type=\"image.default\">\n\t\t\t\t<div class=\"elementor-widget-container\">\n\t\t\t\t\t<div class=\"elementor-image\">\n\t\t\t\t\t\t\t\t\t\t<img width=\"1024\" height=\"512\" src=\"https:\/\/caperio.ai\/wp-content\/uploads\/2020\/07\/call-quality-monitoring-1024x512.jpg\" class=\"attachment-large size-large\" alt=\"\" loading=\"lazy\" srcset=\"https:\/\/caperio.ai\/wp-content\/uploads\/2020\/07\/call-quality-monitoring-1024x512.jpg 1024w, https:\/\/caperio.ai\/wp-content\/uploads\/2020\/07\/call-quality-monitoring-300x150.jpg 300w, https:\/\/caperio.ai\/wp-content\/uploads\/2020\/07\/call-quality-monitoring-768x384.jpg 768w, https:\/\/caperio.ai\/wp-content\/uploads\/2020\/07\/call-quality-monitoring.jpg 1200w\" sizes=\"(max-width: 1024px) 100vw, 1024px\" \/>\t\t\t\t\t\t\t\t\t\t\t<\/div>\n\t\t\t\t<\/div>\n\t\t\t\t<\/div>\n\t\t\t\t<div class=\"elementor-element elementor-element-86443ff elementor-widget elementor-widget-text-editor\" data-id=\"86443ff\" data-element_type=\"widget\" data-widget_type=\"text-editor.default\">\n\t\t\t\t<div class=\"elementor-widget-container\">\n\t\t\t\t\t<div class=\"elementor-text-editor elementor-clearfix\"><p><span style=\"color: #008000;\"><strong>\u00bfQui\u00e9n es Ud. y que hace su empresa?<\/strong><\/span><\/p>\n<p>Soy una consultora de Speech Analytics para Sertec. Sertec es una de las mayores empresas de centro de contacto en M\u00e9xico.<\/p>\n<p><span style=\"color: #008000;\"><strong>\u00bfQu\u00e9 problema (s) enfrent\u00f3 antes de trabajar con BossaNova Caperio IA Plataforma de Desempe\u00f1o?<\/strong><\/span><\/p>\n<p>Solo pudimos revisar una peque\u00f1a muestra de las conversaciones con los clientes, que fue una metodolog\u00eda de evaluaci\u00f3n lenta y no objetiva. Afect\u00f3 nuestra capacidad para impulsar e implementar cambios.<\/p>\n<p><span style=\"color: #008000;\"><strong>\u00bfPor qu\u00e9 eligi\u00f3 a Plataforma de Desempe\u00f1o Caperio?<\/strong><\/span><\/p>\n<p>Est\u00e1bamos buscando una herramienta de an\u00e1lisis de voz por solicitud de uno de nuestros clientes m\u00e1s importantes y BossaNova realmente se destac\u00f3 para nosotros como l\u00edder en el panorama de soluciones debido a la capacidad de analizar y evaluar el 100% de las llamadas.<\/p>\n<p><span style=\"color: #008000;\"><strong>Espec\u00edficamente, \u00bfqu\u00e9 fue lo mejor de usar la plataforma de Desempe\u00f1o Caperio?<\/strong><\/span><\/p>\n<p>Creo que es la capacidad de gestionar nosotros mismos la plataforma, lo que nos permite utilizar Speech Analytics de forma eficaz. Un ejemplo es la funci\u00f3n de cambiar e introducir nuevas b\u00fasquedas de palabras y expresiones regulares al instante. Nos permite maximizar nuestros resultados y de una manera muy r\u00e1pida.<\/p>\n<p><span style=\"color: #008000;\"><strong>\u00bfC\u00f3mo utiliza nuestro Explorador de Conversaciones (Caperio Conversation Explorer) y Banco de Trabajo (Caperio Workbench)?<\/strong><\/span><\/p>\n<p>Lo uso para cambiar la configuraci\u00f3n, actualizar palabras, buscar expresiones regulares y descargar archivos. Tambi\u00e9n lo uso para revisar las estad\u00edsticas y observar tendencias.<\/p>\n<p><span style=\"color: #008000;\"><strong>\u00bfQu\u00e9 resultados ha podido lograr utilizando nuestra Plataforma?<\/strong><\/span><\/p>\n<p>Acabo de terminar un an\u00e1lisis que demuestra que los agentes han mejorado dr\u00e1sticamente sus resultados en la recuperaci\u00f3n de m\u00e1s dinero.<\/p>\n<p><span style=\"color: #008000;\"><strong>\u00bfRecomendar\u00eda Caperio y BossaNova a otros? (y por qu\u00e9?)<\/strong><\/span><\/p>\n<p>S\u00ed, mis cosas favoritas de BossaNova son la comunicaci\u00f3n constante y abierta y c\u00f3mo ustedes cumplen o superan todas nuestras expectativas.<\/p>\n<\/div>\n\t\t\t\t<\/div>\n\t\t\t\t<\/div>\n\t\t\t\t\t\t<\/div>\n\t\t\t\t\t<\/div>\n\t\t<\/div>\n\t\t\t\t\t\t\t\t<\/div>\n\t\t\t\t\t<\/div>\n\t\t<\/section>\n\t\t\t\t<section class=\"elementor-section elementor-top-section elementor-element elementor-element-f835e83 elementor-section-boxed elementor-section-height-default elementor-section-height-default\" data-id=\"f835e83\" data-element_type=\"section\">\n\t\t\t\t\t\t<div class=\"elementor-container elementor-column-gap-default\">\n\t\t\t\t\t\t\t<div class=\"elementor-row\">\n\t\t\t\t\t<div class=\"elementor-column elementor-col-50 elementor-top-column elementor-element elementor-element-e6edf6f\" data-id=\"e6edf6f\" data-element_type=\"column\">\n\t\t\t<div class=\"elementor-column-wrap elementor-element-populated\">\n\t\t\t\t\t\t\t<div class=\"elementor-widget-wrap\">\n\t\t\t\t\t\t<div class=\"elementor-element elementor-element-fd924a0 elementor-widget elementor-widget-vt-saaspot_section_title\" data-id=\"fd924a0\" data-element_type=\"widget\" data-widget_type=\"vt-saaspot_section_title.default\">\n\t\t\t\t<div class=\"elementor-widget-container\">\n\t\t\t<div class=\"section-title-wrap\"><h2 class=\"section-title\">\u00danase a Nuestra Red de Socios <\/h2><p>Colaboramos con los siguientes Tipos de Socios:<\/p><\/div>\t\t<\/div>\n\t\t\t\t<\/div>\n\t\t\t\t<div class=\"elementor-element elementor-element-0c030fe elementor-widget elementor-widget-vt-saaspot_list\" data-id=\"0c030fe\" data-element_type=\"widget\" data-widget_type=\"vt-saaspot_list.default\">\n\t\t\t\t<div class=\"elementor-widget-container\">\n\t\t\t<ul class=\"bullet-list\"><li>Platform Software Partners<\/li><li>Implementation (SI) Partners<\/li><li>Customer Fulfillment Partners<\/li><li>ISV & Channel Partners<\/li><\/ul>\t\t<\/div>\n\t\t\t\t<\/div>\n\t\t\t\t\t\t<\/div>\n\t\t\t\t\t<\/div>\n\t\t<\/div>\n\t\t\t\t<div class=\"elementor-column elementor-col-50 elementor-top-column elementor-element elementor-element-0281819\" data-id=\"0281819\" data-element_type=\"column\">\n\t\t\t<div class=\"elementor-column-wrap elementor-element-populated\">\n\t\t\t\t\t\t\t<div class=\"elementor-widget-wrap\">\n\t\t\t\t\t\t<div class=\"elementor-element elementor-element-9eab9b8 elementor-widget elementor-widget-vt-saaspot_image\" data-id=\"9eab9b8\" data-element_type=\"widget\" data-settings=\"{&quot;image_align&quot;:&quot;left&quot;}\" data-widget_type=\"vt-saaspot_image.default\">\n\t\t\t\t<div class=\"elementor-widget-container\">\n\t\t\t<div class=\"saspot-image wow fadeInUp\" data-wow-duration=\"1s\" data-wow-delay=\"1s\"><img src=\"https:\/\/caperio.ai\/wp-content\/uploads\/2020\/07\/limited-liability-partnership-360x240-1.jpg\" alt=\"\"><\/div>\t\t<\/div>\n\t\t\t\t<\/div>\n\t\t\t\t\t\t<\/div>\n\t\t\t\t\t<\/div>\n\t\t<\/div>\n\t\t\t\t\t\t\t\t<\/div>\n\t\t\t\t\t<\/div>\n\t\t<\/section>\n\t\t\t\t<section class=\"elementor-section elementor-top-section elementor-element elementor-element-21d98b9 elementor-section-boxed elementor-section-height-default elementor-section-height-default\" data-id=\"21d98b9\" data-element_type=\"section\">\n\t\t\t\t\t\t<div class=\"elementor-container elementor-column-gap-default\">\n\t\t\t\t\t\t\t<div class=\"elementor-row\">\n\t\t\t\t\t<div class=\"elementor-column elementor-col-100 elementor-top-column elementor-element elementor-element-bc5e677\" data-id=\"bc5e677\" data-element_type=\"column\">\n\t\t\t<div class=\"elementor-column-wrap elementor-element-populated\">\n\t\t\t\t\t\t\t<div class=\"elementor-widget-wrap\">\n\t\t\t\t\t\t<div class=\"elementor-element elementor-element-5ea1538 elementor-widget elementor-widget-vt-saaspot_section_title\" data-id=\"5ea1538\" data-element_type=\"widget\" data-widget_type=\"vt-saaspot_section_title.default\">\n\t\t\t\t<div class=\"elementor-widget-container\">\n\t\t\t<div class=\"section-title-wrap\"><h2 class=\"section-title\">Vista R\u00e1pida<\/h2><p>Entender C\u00f3mo Nos Asociamos<\/p><\/div>\t\t<\/div>\n\t\t\t\t<\/div>\n\t\t\t\t<section class=\"elementor-section elementor-inner-section elementor-element elementor-element-8d79a09 elementor-section-boxed elementor-section-height-default elementor-section-height-default\" data-id=\"8d79a09\" data-element_type=\"section\">\n\t\t\t\t\t\t<div class=\"elementor-container elementor-column-gap-default\">\n\t\t\t\t\t\t\t<div class=\"elementor-row\">\n\t\t\t\t\t<div class=\"elementor-column elementor-col-50 elementor-inner-column elementor-element elementor-element-6fddd55\" data-id=\"6fddd55\" data-element_type=\"column\">\n\t\t\t<div class=\"elementor-column-wrap elementor-element-populated\">\n\t\t\t\t\t\t\t<div class=\"elementor-widget-wrap\">\n\t\t\t\t\t\t<div class=\"elementor-element elementor-element-cc10099 elementor-widget elementor-widget-vt-saaspot_section_title\" data-id=\"cc10099\" data-element_type=\"widget\" data-widget_type=\"vt-saaspot_section_title.default\">\n\t\t\t\t<div class=\"elementor-widget-container\">\n\t\t\t<div class=\"section-title-wrap\"><h6 class=\"section-subtitle\">Co-Vender Soluciones de Caperio<\/h6><h2 class=\"section-title\">01. Platform Software Partner<\/h2><p>Estos socios representan empresas de software empresarial que desean aprovechar la plataforma Caperio como parte de un conjunto de aplicaciones de centro de contacto con el cliente basado en la nube, que incluyen Workforce Management y CRM \/ ERP \/ HCM. A menudo estamos en las listas de precios de los dem\u00e1s y salimos al mercado juntos.<\/p><\/div>\t\t<\/div>\n\t\t\t\t<\/div>\n\t\t\t\t\t\t<\/div>\n\t\t\t\t\t<\/div>\n\t\t<\/div>\n\t\t\t\t<div class=\"elementor-column elementor-col-50 elementor-inner-column elementor-element elementor-element-91cca0e\" data-id=\"91cca0e\" data-element_type=\"column\">\n\t\t\t<div class=\"elementor-column-wrap elementor-element-populated\">\n\t\t\t\t\t\t\t<div class=\"elementor-widget-wrap\">\n\t\t\t\t\t\t<div class=\"elementor-element elementor-element-291d647 elementor-widget elementor-widget-vt-saaspot_section_title\" data-id=\"291d647\" data-element_type=\"widget\" data-widget_type=\"vt-saaspot_section_title.default\">\n\t\t\t\t<div class=\"elementor-widget-container\">\n\t\t\t<div class=\"section-title-wrap\"><h6 class=\"section-subtitle\">Gesti\u00f3n de Cambio y Consultor\u00eda<\/h6><h2 class=\"section-title\">02. Implementation Services Partner<\/h2><p>Estos socios trabajan con nosotros para impulsar el cambio a trav\u00e9s de las organizaciones, aprovechando Caperio para transformar y optimizar los procesos comerciales y el rendimiento. Se centran en abrir oportunidades aprovechando las posibilidades que surgen de la interrupci\u00f3n.<\/p><\/div>\t\t<\/div>\n\t\t\t\t<\/div>\n\t\t\t\t\t\t<\/div>\n\t\t\t\t\t<\/div>\n\t\t<\/div>\n\t\t\t\t\t\t\t\t<\/div>\n\t\t\t\t\t<\/div>\n\t\t<\/section>\n\t\t\t\t<section class=\"elementor-section elementor-inner-section elementor-element elementor-element-ac9e57a elementor-section-boxed elementor-section-height-default elementor-section-height-default\" data-id=\"ac9e57a\" data-element_type=\"section\">\n\t\t\t\t\t\t<div class=\"elementor-container elementor-column-gap-default\">\n\t\t\t\t\t\t\t<div class=\"elementor-row\">\n\t\t\t\t\t<div class=\"elementor-column elementor-col-50 elementor-inner-column elementor-element elementor-element-2a85d2d\" data-id=\"2a85d2d\" data-element_type=\"column\">\n\t\t\t<div class=\"elementor-column-wrap elementor-element-populated\">\n\t\t\t\t\t\t\t<div class=\"elementor-widget-wrap\">\n\t\t\t\t\t\t<div class=\"elementor-element elementor-element-322f43d elementor-widget elementor-widget-vt-saaspot_section_title\" data-id=\"322f43d\" data-element_type=\"widget\" data-widget_type=\"vt-saaspot_section_title.default\">\n\t\t\t\t<div class=\"elementor-widget-container\">\n\t\t\t<div class=\"section-title-wrap\"><h6 class=\"section-subtitle\">Impulse Resultados y Desempe\u00f1o<\/h6><h2 class=\"section-title\">03. Customer Fulfillment Partner<\/h2><p>Estos socios generalmente brindan capacidades subcontratadas para ejecutar centros de contacto e interacciones con los clientes a trav\u00e9s de personal altamente motivado y capacitado, lo que garantiza la calidad en el proceso y utiliza Caperio para obtener resultados.<\/p><\/div>\t\t<\/div>\n\t\t\t\t<\/div>\n\t\t\t\t\t\t<\/div>\n\t\t\t\t\t<\/div>\n\t\t<\/div>\n\t\t\t\t<div class=\"elementor-column elementor-col-50 elementor-inner-column elementor-element elementor-element-ee6bccd\" data-id=\"ee6bccd\" data-element_type=\"column\">\n\t\t\t<div class=\"elementor-column-wrap elementor-element-populated\">\n\t\t\t\t\t\t\t<div class=\"elementor-widget-wrap\">\n\t\t\t\t\t\t<div class=\"elementor-element elementor-element-5ebd0b7 elementor-widget elementor-widget-vt-saaspot_section_title\" data-id=\"5ebd0b7\" data-element_type=\"widget\" data-widget_type=\"vt-saaspot_section_title.default\">\n\t\t\t\t<div class=\"elementor-widget-container\">\n\t\t\t<div class=\"section-title-wrap\"><h6 class=\"section-subtitle\">Revender y distribuir Soluciones de Caperio solutions<\/h6><h2 class=\"section-title\">04. ISV & Channel Partner<\/h2><p>Estos socios llevan productos de software y hardware al mercado y ofrecen una amplia gama de servicios de soporte t\u00e9cnico y comercial. Esto incluye ayudar a las empresas a configurar, instalar y financiar sus compras, especialmente cuando buscan pasar a la nube desde aplicaciones heredadas.<\/p><\/div>\t\t<\/div>\n\t\t\t\t<\/div>\n\t\t\t\t\t\t<\/div>\n\t\t\t\t\t<\/div>\n\t\t<\/div>\n\t\t\t\t\t\t\t\t<\/div>\n\t\t\t\t\t<\/div>\n\t\t<\/section>\n\t\t\t\t\t\t<\/div>\n\t\t\t\t\t<\/div>\n\t\t<\/div>\n\t\t\t\t\t\t\t\t<\/div>\n\t\t\t\t\t<\/div>\n\t\t<\/section>\n\t\t\t\t<section class=\"elementor-section elementor-top-section elementor-element elementor-element-ce18fa2 elementor-section-boxed elementor-section-height-default elementor-section-height-default\" data-id=\"ce18fa2\" data-element_type=\"section\">\n\t\t\t\t\t\t<div class=\"elementor-container elementor-column-gap-default\">\n\t\t\t\t\t\t\t<div class=\"elementor-row\">\n\t\t\t\t\t<div class=\"elementor-column elementor-col-100 elementor-top-column elementor-element elementor-element-3c01191\" data-id=\"3c01191\" data-element_type=\"column\">\n\t\t\t<div class=\"elementor-column-wrap elementor-element-populated\">\n\t\t\t\t\t\t\t<div class=\"elementor-widget-wrap\">\n\t\t\t\t\t\t<div class=\"elementor-element elementor-element-870d48e elementor-widget elementor-widget-text-editor\" data-id=\"870d48e\" data-element_type=\"widget\" data-widget_type=\"text-editor.default\">\n\t\t\t\t<div class=\"elementor-widget-container\">\n\t\t\t\t\t<div class=\"elementor-text-editor elementor-clearfix\"><h4 style=\"text-align: center;\"><span style=\"color: #339966;\"><strong>\u00a1Comencemos hoy una gran relaci\u00f3n!<\/strong><\/span><\/h4>\n<\/div>\n\t\t\t\t<\/div>\n\t\t\t\t<\/div>\n\t\t\t\t<div class=\"elementor-element elementor-element-a85e47c elementor-widget elementor-widget-vt-saaspot_button\" data-id=\"a85e47c\" data-element_type=\"widget\" data-settings=\"{&quot;btn_icon&quot;:&quot;fa fa-angle-right&quot;}\" data-widget_type=\"vt-saaspot_button.default\">\n\t\t\t\t<div class=\"elementor-widget-container\">\n\t\t\t<div class=\"saaspot-btn-wrap\"><a href=\"https:\/\/caperio.ai\/?page_id=5602&lang=es\" target=\"_blank\"  class=\"saspot-btn saspot-light-blue-btn\">CONT\u00c1CTENOS <i class=\"fa fa-angle-right\" aria-hidden=\"true\"><\/i><\/a><\/div>\t\t<\/div>\n\t\t\t\t<\/div>\n\t\t\t\t\t\t<\/div>\n\t\t\t\t\t<\/div>\n\t\t<\/div>\n\t\t\t\t\t\t\t\t<\/div>\n\t\t\t\t\t<\/div>\n\t\t<\/section>\n\t\t\t\t\t\t<\/div>\n\t\t\t\t\t\t<\/div>\n\t\t\t\t\t<\/div>\n\t\t","protected":false},"excerpt":{"rendered":"Partner Snapshot BossaNova tiene una s\u00f3lida asociaci\u00f3n con Sertec para los bancos e instituciones financieras m\u00e1s grandes. Ubicaciones BossaNova ha colaborado con nosotros no solo en la implementaci\u00f3n de su plataforma Caperio en nuestra empresa, sino como socio estrat\u00e9gico adaptando sus servicios a nuestras necesidades espec\u00edficas. Capacitamos a nuestro equipo de gesti\u00f3n con el apoyo&#8230;","protected":false},"author":2,"featured_media":0,"parent":0,"menu_order":0,"comment_status":"closed","ping_status":"closed","template":"","meta":[],"tags":[],"amp_validity":null,"amp_enabled":true,"_links":{"self":[{"href":"https:\/\/caperio.ai\/index.php?rest_route=\/wp\/v2\/pages\/4790"}],"collection":[{"href":"https:\/\/caperio.ai\/index.php?rest_route=\/wp\/v2\/pages"}],"about":[{"href":"https:\/\/caperio.ai\/index.php?rest_route=\/wp\/v2\/types\/page"}],"author":[{"embeddable":true,"href":"https:\/\/caperio.ai\/index.php?rest_route=\/wp\/v2\/users\/2"}],"replies":[{"embeddable":true,"href":"https:\/\/caperio.ai\/index.php?rest_route=%2Fwp%2Fv2%2Fcomments&post=4790"}],"version-history":[{"count":17,"href":"https:\/\/caperio.ai\/index.php?rest_route=\/wp\/v2\/pages\/4790\/revisions"}],"predecessor-version":[{"id":6152,"href":"https:\/\/caperio.ai\/index.php?rest_route=\/wp\/v2\/pages\/4790\/revisions\/6152"}],"wp:attachment":[{"href":"https:\/\/caperio.ai\/index.php?rest_route=%2Fwp%2Fv2%2Fmedia&parent=4790"}],"wp:term":[{"taxonomy":"post_tag","embeddable":true,"href":"https:\/\/caperio.ai\/index.php?rest_route=%2Fwp%2Fv2%2Ftags&post=4790"}],"curies":[{"name":"wp","href":"https:\/\/api.w.org\/{rel}","templated":true}]}}